{"id":757,"date":"2025-10-13T13:58:06","date_gmt":"2025-10-13T11:58:06","guid":{"rendered":"https:\/\/residenz-oberhausen.de\/surroundings\/"},"modified":"2026-02-26T13:46:53","modified_gmt":"2026-02-26T12:46:53","slug":"surroundings","status":"publish","type":"page","link":"https:\/\/residenz-oberhausen.de\/en\/surroundings\/","title":{"rendered":"Surroundings"},"content":{"rendered":"\t\t<div data-elementor-type=\"wp-page\" data-elementor-id=\"757\" class=\"elementor elementor-757 elementor-60\" data-elementor-post-type=\"page\">\n\t\t\t\t<div class=\"elementor-element elementor-element-71445c5 e-con-full e-flex e-con e-parent\" data-id=\"71445c5\" data-element_type=\"container\" data-e-type=\"container\" data-settings=\"{&quot;background_background&quot;:&quot;classic&quot;}\">\n\t\t\t\t<div class=\"elementor-element elementor-element-494ed4b elementor-invisible elementor-widget elementor-widget-heading\" data-id=\"494ed4b\" data-element_type=\"widget\" data-e-type=\"widget\" data-settings=\"{&quot;_animation&quot;:&quot;fadeInUp&quot;,&quot;_animation_delay&quot;:200}\" data-widget_type=\"heading.default\">\n\t\t\t\t<div class=\"elementor-widget-container\">\n\t\t\t\t\t<h1 class=\"elementor-heading-title elementor-size-default\">Oberhausen is right in the middle<\/h1>\t\t\t\t<\/div>\n\t\t\t\t<\/div>\n\t\t\t\t<\/div>\n\t\t<div class=\"elementor-element elementor-element-a4de31f e-flex e-con-boxed e-con e-parent\" data-id=\"a4de31f\" data-element_type=\"container\" data-e-type=\"container\">\n\t\t\t\t\t<div class=\"e-con-inner\">\n\t\t<div class=\"elementor-element elementor-element-c058127 e-con-full e-flex e-con e-child\" data-id=\"c058127\" data-element_type=\"container\" data-e-type=\"container\">\n\t\t\t\t<div class=\"elementor-element elementor-element-8fc0abd elementor-widget elementor-widget-heading\" data-id=\"8fc0abd\" data-element_type=\"widget\" data-e-type=\"widget\" data-widget_type=\"heading.default\">\n\t\t\t\t<div class=\"elementor-widget-container\">\n\t\t\t\t\t<h3 class=\"elementor-heading-title elementor-size-default\">Start planning your excursion destinations for your stay<\/h3>\t\t\t\t<\/div>\n\t\t\t\t<\/div>\n\t\t\t\t<div class=\"elementor-element elementor-element-386622e elementor-widget elementor-widget-text-editor\" data-id=\"386622e\" data-element_type=\"widget\" data-e-type=\"widget\" data-widget_type=\"text-editor.default\">\n\t\t\t\t<div class=\"elementor-widget-container\">\n\t\t\t\t\t\t\t\t\t<p>From our apartment hotel Residenz Oberhausen you can reach numerous leisure attractions within a short distance. Whether amusement park, musical, great excursion destinations such as D\u00fcsseldorf or Essen, pure nature in the Kaisergarten Oberhausen or at Lake Baldeney in Essen&#8230; everything is not far away! <\/p>\t\t\t\t\t\t\t\t<\/div>\n\t\t\t\t<\/div>\n\t\t\t\t<\/div>\n\t\t<div class=\"elementor-element elementor-element-291e293 e-con-full e-flex e-con e-child\" data-id=\"291e293\" data-element_type=\"container\" data-e-type=\"container\">\n\t\t\t\t<\/div>\n\t\t\t\t\t<\/div>\n\t\t\t\t<\/div>\n\t\t<div class=\"elementor-element elementor-element-c994df3 e-flex e-con-boxed e-con e-parent\" data-id=\"c994df3\" data-element_type=\"container\" data-e-type=\"container\">\n\t\t\t\t\t<div class=\"e-con-inner\">\n\t\t<div class=\"elementor-element elementor-element-692baf6 e-con-full e-flex e-con e-child\" data-id=\"692baf6\" data-element_type=\"container\" data-e-type=\"container\">\n\t\t\t\t<div class=\"elementor-element elementor-element-7c7f454 elementor-cta--skin-cover elementor-cta--valign-bottom elementor-widget__width-initial elementor-widget elementor-widget-call-to-action\" data-id=\"7c7f454\" data-element_type=\"widget\" data-e-type=\"widget\" data-widget_type=\"call-to-action.default\">\n\t\t\t\t<div class=\"elementor-widget-container\">\n\t\t\t\t\t\t\t<a class=\"elementor-cta\" href=\"https:\/\/www.visitsealife.com\/bangkok\/?clickref=1110lwae49a&#038;utm_source=chineseansg&#038;utm_medium=affiliate&#038;utm_campaign=1011l6362\" target=\"_blank\">\n\t\t\t\t\t<div class=\"elementor-cta__bg-wrapper\">\n\t\t\t\t<div class=\"elementor-cta__bg elementor-bg\" style=\"background-image: url(https:\/\/residenz-oberhausen.de\/wp-content\/uploads\/parkhotel-oberhausen-arrangement-sealife-oberhausen-1536x640.jpg);\" role=\"img\" aria-label=\"parkhotel-oberhausen-arrangement-sealife-oberhausen.jpg\"><\/div>\n\t\t\t\t<div class=\"elementor-cta__bg-overlay\"><\/div>\n\t\t\t<\/div>\n\t\t\t\t\t\t\t<div class=\"elementor-cta__content\">\n\t\t\t\t\n\t\t\t\t\t\t\t\t\t<h3 class=\"elementor-cta__title elementor-cta__content-item elementor-content-item\">\n\t\t\t\t\t\tSealife Oberhausen\t\t\t\t\t<\/h3>\n\t\t\t\t\n\t\t\t\t\n\t\t\t\t\t\t\t<\/div>\n\t\t\t\t\t\t<\/a>\n\t\t\t\t\t\t<\/div>\n\t\t\t\t<\/div>\n\t\t\t\t<div class=\"elementor-element elementor-element-bc022b4 elementor-cta--skin-cover elementor-cta--valign-bottom elementor-widget__width-initial elementor-widget elementor-widget-call-to-action\" data-id=\"bc022b4\" data-element_type=\"widget\" data-e-type=\"widget\" data-widget_type=\"call-to-action.default\">\n\t\t\t\t<div class=\"elementor-widget-container\">\n\t\t\t\t\t\t\t<a class=\"elementor-cta\" href=\"https:\/\/de.westfield.com\/centro\" target=\"_blank\">\n\t\t\t\t\t<div class=\"elementor-cta__bg-wrapper\">\n\t\t\t\t<div class=\"elementor-cta__bg elementor-bg\" style=\"background-image: url(https:\/\/residenz-oberhausen.de\/wp-content\/uploads\/parkhotel-oberhausen-arrangement-shopping-centro-1536x520.jpg);\" role=\"img\" aria-label=\"parkhotel-oberhausen-arrangement-shopping-centro.jpg\"><\/div>\n\t\t\t\t<div class=\"elementor-cta__bg-overlay\"><\/div>\n\t\t\t<\/div>\n\t\t\t\t\t\t\t<div class=\"elementor-cta__content\">\n\t\t\t\t\n\t\t\t\t\t\t\t\t\t<h3 class=\"elementor-cta__title elementor-cta__content-item elementor-content-item\">\n\t\t\t\t\t\tWestfield Centro\t\t\t\t\t<\/h3>\n\t\t\t\t\n\t\t\t\t\n\t\t\t\t\t\t\t<\/div>\n\t\t\t\t\t\t<\/a>\n\t\t\t\t\t\t<\/div>\n\t\t\t\t<\/div>\n\t\t\t\t<div class=\"elementor-element elementor-element-852f977 elementor-cta--skin-cover elementor-cta--valign-bottom elementor-widget__width-initial elementor-widget elementor-widget-call-to-action\" data-id=\"852f977\" data-element_type=\"widget\" data-e-type=\"widget\" data-widget_type=\"call-to-action.default\">\n\t\t\t\t<div class=\"elementor-widget-container\">\n\t\t\t\t\t\t\t<a class=\"elementor-cta\" href=\"https:\/\/www.gasometer.de\/de\" target=\"_blank\">\n\t\t\t\t\t<div class=\"elementor-cta__bg-wrapper\">\n\t\t\t\t<div class=\"elementor-cta__bg elementor-bg\" style=\"background-image: url(https:\/\/residenz-oberhausen.de\/wp-content\/uploads\/parkhotel-oberhausen-gasometer.jpg);\" role=\"img\" aria-label=\"parkhotel-oberhausen-gasometer.jpg\"><\/div>\n\t\t\t\t<div class=\"elementor-cta__bg-overlay\"><\/div>\n\t\t\t<\/div>\n\t\t\t\t\t\t\t<div class=\"elementor-cta__content\">\n\t\t\t\t\n\t\t\t\t\t\t\t\t\t<h3 class=\"elementor-cta__title elementor-cta__content-item elementor-content-item\">\n\t\t\t\t\t\tGasometer Oberhausen\t\t\t\t\t<\/h3>\n\t\t\t\t\n\t\t\t\t\n\t\t\t\t\t\t\t<\/div>\n\t\t\t\t\t\t<\/a>\n\t\t\t\t\t\t<\/div>\n\t\t\t\t<\/div>\n\t\t\t\t<\/div>\n\t\t<div class=\"elementor-element elementor-element-4fe49f7 e-con-full e-flex e-con e-child\" data-id=\"4fe49f7\" data-element_type=\"container\" data-e-type=\"container\">\n\t\t\t\t<div class=\"elementor-element elementor-element-f080136 elementor-cta--skin-cover elementor-cta--valign-bottom elementor-widget__width-initial elementor-widget elementor-widget-call-to-action\" data-id=\"f080136\" data-element_type=\"widget\" data-e-type=\"widget\" data-widget_type=\"call-to-action.default\">\n\t\t\t\t<div class=\"elementor-widget-container\">\n\t\t\t\t\t\t\t<a class=\"elementor-cta\" href=\"https:\/\/pompeji-experience.com\/oberhausen\/\" target=\"_blank\">\n\t\t\t\t\t<div class=\"elementor-cta__bg-wrapper\">\n\t\t\t\t<div class=\"elementor-cta__bg elementor-bg\" style=\"background-image: url(https:\/\/residenz-oberhausen.de\/wp-content\/uploads\/parkhotel-oberhausen-immersive-show-1536x1024.webp);\" role=\"img\" aria-label=\"parkhotel-oberhausen-immersive-show.webp\"><\/div>\n\t\t\t\t<div class=\"elementor-cta__bg-overlay\"><\/div>\n\t\t\t<\/div>\n\t\t\t\t\t\t\t<div class=\"elementor-cta__content\">\n\t\t\t\t\n\t\t\t\t\t\t\t\t\t<h3 class=\"elementor-cta__title elementor-cta__content-item elementor-content-item\">\n\t\t\t\t\t\tImmersive show Pompeii\t\t\t\t\t<\/h3>\n\t\t\t\t\n\t\t\t\t\n\t\t\t\t\t\t\t<\/div>\n\t\t\t\t\t\t<\/a>\n\t\t\t\t\t\t<\/div>\n\t\t\t\t<\/div>\n\t\t\t\t<div class=\"elementor-element elementor-element-5168a3d elementor-cta--skin-cover elementor-cta--valign-bottom elementor-widget__width-initial elementor-widget elementor-widget-call-to-action\" data-id=\"5168a3d\" data-element_type=\"widget\" data-e-type=\"widget\" data-widget_type=\"call-to-action.default\">\n\t\t\t\t<div class=\"elementor-widget-container\">\n\t\t\t\t\t\t\t<a class=\"elementor-cta\" href=\"https:\/\/www.movieparkgermany.de\/\" target=\"_blank\">\n\t\t\t\t\t<div class=\"elementor-cta__bg-wrapper\">\n\t\t\t\t<div class=\"elementor-cta__bg elementor-bg\" style=\"background-image: url(https:\/\/residenz-oberhausen.de\/wp-content\/uploads\/parkhotel-oberhausen-arrangement-movie-park-germany-1536x520.jpg);\" role=\"img\" aria-label=\"parkhotel-oberhausen-arrangement-movie-park-germany.jpg\"><\/div>\n\t\t\t\t<div class=\"elementor-cta__bg-overlay\"><\/div>\n\t\t\t<\/div>\n\t\t\t\t\t\t\t<div class=\"elementor-cta__content\">\n\t\t\t\t\n\t\t\t\t\t\t\t\t\t<h3 class=\"elementor-cta__title elementor-cta__content-item elementor-content-item\">\n\t\t\t\t\t\tMovie Park Germany\t\t\t\t\t<\/h3>\n\t\t\t\t\n\t\t\t\t\n\t\t\t\t\t\t\t<\/div>\n\t\t\t\t\t\t<\/a>\n\t\t\t\t\t\t<\/div>\n\t\t\t\t<\/div>\n\t\t\t\t<div class=\"elementor-element elementor-element-c15c617 elementor-cta--skin-cover elementor-cta--valign-bottom elementor-widget__width-initial elementor-widget elementor-widget-call-to-action\" data-id=\"c15c617\" data-element_type=\"widget\" data-e-type=\"widget\" data-widget_type=\"call-to-action.default\">\n\t\t\t\t<div class=\"elementor-widget-container\">\n\t\t\t\t\t\t\t<a class=\"elementor-cta\" href=\"https:\/\/zoo-duisburg.de\/\" target=\"_blank\">\n\t\t\t\t\t<div class=\"elementor-cta__bg-wrapper\">\n\t\t\t\t<div class=\"elementor-cta__bg elementor-bg\" style=\"background-image: url(https:\/\/residenz-oberhausen.de\/wp-content\/uploads\/tiger.jpg);\" role=\"img\" aria-label=\"tiger\"><\/div>\n\t\t\t\t<div class=\"elementor-cta__bg-overlay\"><\/div>\n\t\t\t<\/div>\n\t\t\t\t\t\t\t<div class=\"elementor-cta__content\">\n\t\t\t\t\n\t\t\t\t\t\t\t\t\t<h3 class=\"elementor-cta__title elementor-cta__content-item elementor-content-item\">\n\t\t\t\t\t\tDuisburg Zoo\t\t\t\t\t<\/h3>\n\t\t\t\t\n\t\t\t\t\n\t\t\t\t\t\t\t<\/div>\n\t\t\t\t\t\t<\/a>\n\t\t\t\t\t\t<\/div>\n\t\t\t\t<\/div>\n\t\t\t\t<\/div>\n\t\t<div class=\"elementor-element elementor-element-360c810 e-con-full e-flex e-con e-child\" data-id=\"360c810\" data-element_type=\"container\" data-e-type=\"container\">\n\t\t\t\t<div class=\"elementor-element elementor-element-f3e9e57 elementor-cta--skin-cover elementor-cta--valign-bottom elementor-widget__width-initial elementor-widget elementor-widget-call-to-action\" data-id=\"f3e9e57\" data-element_type=\"widget\" data-e-type=\"widget\" data-widget_type=\"call-to-action.default\">\n\t\t\t\t<div class=\"elementor-widget-container\">\n\t\t\t\t\t\t\t<a class=\"elementor-cta\" href=\"https:\/\/www.zoom-erlebniswelt.de\/startseite.html\" target=\"_blank\">\n\t\t\t\t\t<div class=\"elementor-cta__bg-wrapper\">\n\t\t\t\t<div class=\"elementor-cta__bg elementor-bg\" style=\"background-image: url(https:\/\/residenz-oberhausen.de\/wp-content\/uploads\/ZOOM_Erlebniswelt_Naeher_dran-1536x1129.jpg);\" role=\"img\" aria-label=\"ZOOM_Erlebniswelt_Naeher_dran\"><\/div>\n\t\t\t\t<div class=\"elementor-cta__bg-overlay\"><\/div>\n\t\t\t<\/div>\n\t\t\t\t\t\t\t<div class=\"elementor-cta__content\">\n\t\t\t\t\n\t\t\t\t\t\t\t\t\t<h3 class=\"elementor-cta__title elementor-cta__content-item elementor-content-item\">\n\t\t\t\t\t\tZOOM World of Experience\t\t\t\t\t<\/h3>\n\t\t\t\t\n\t\t\t\t\n\t\t\t\t\t\t\t<\/div>\n\t\t\t\t\t\t<\/a>\n\t\t\t\t\t\t<\/div>\n\t\t\t\t<\/div>\n\t\t\t\t<div class=\"elementor-element elementor-element-82d0a2a elementor-cta--skin-cover elementor-cta--valign-bottom elementor-widget__width-initial elementor-widget elementor-widget-call-to-action\" data-id=\"82d0a2a\" data-element_type=\"widget\" data-e-type=\"widget\" data-widget_type=\"call-to-action.default\">\n\t\t\t\t<div class=\"elementor-widget-container\">\n\t\t\t\t\t\t\t<a class=\"elementor-cta\" href=\"https:\/\/www.starlight-express.de\/\" target=\"_blank\">\n\t\t\t\t\t<div class=\"elementor-cta__bg-wrapper\">\n\t\t\t\t<div class=\"elementor-cta__bg elementor-bg\" style=\"background-image: url(https:\/\/residenz-oberhausen.de\/wp-content\/uploads\/parkhotel-oberhausen-arrangement-musical-starlight-express-1536x520.jpg);\" role=\"img\" aria-label=\"parkhotel-oberhausen-arrangement-musical-starlight-express.jpg\"><\/div>\n\t\t\t\t<div class=\"elementor-cta__bg-overlay\"><\/div>\n\t\t\t<\/div>\n\t\t\t\t\t\t\t<div class=\"elementor-cta__content\">\n\t\t\t\t\n\t\t\t\t\t\t\t\t\t<h3 class=\"elementor-cta__title elementor-cta__content-item elementor-content-item\">\n\t\t\t\t\t\tStarlight Express\t\t\t\t\t<\/h3>\n\t\t\t\t\n\t\t\t\t\n\t\t\t\t\t\t\t<\/div>\n\t\t\t\t\t\t<\/a>\n\t\t\t\t\t\t<\/div>\n\t\t\t\t<\/div>\n\t\t\t\t<div class=\"elementor-element elementor-element-275683c elementor-cta--skin-cover elementor-cta--valign-bottom elementor-widget__width-initial elementor-widget elementor-widget-call-to-action\" data-id=\"275683c\" data-element_type=\"widget\" data-e-type=\"widget\" data-widget_type=\"call-to-action.default\">\n\t\t\t\t<div class=\"elementor-widget-container\">\n\t\t\t\t\t\t\t<a class=\"elementor-cta\" href=\"https:\/\/www.ruhr-tourismus.de\/de\/das-ruhrgebiet\/staedte\/oberhausen\/kaisergarten-oberhausen.html\" target=\"_blank\">\n\t\t\t\t\t<div class=\"elementor-cta__bg-wrapper\">\n\t\t\t\t<div class=\"elementor-cta__bg elementor-bg\" style=\"background-image: url(https:\/\/residenz-oberhausen.de\/wp-content\/uploads\/U-Umgebung-Kaisergarten-Bruecke-1536x1017.jpg);\" role=\"img\" aria-label=\"U-Environment-Kaisergarten-Bridge\"><\/div>\n\t\t\t\t<div class=\"elementor-cta__bg-overlay\"><\/div>\n\t\t\t<\/div>\n\t\t\t\t\t\t\t<div class=\"elementor-cta__content\">\n\t\t\t\t\n\t\t\t\t\t\t\t\t\t<h3 class=\"elementor-cta__title elementor-cta__content-item elementor-content-item\">\n\t\t\t\t\t\tKaisergarten Oberhausen\t\t\t\t\t<\/h3>\n\t\t\t\t\n\t\t\t\t\n\t\t\t\t\t\t\t<\/div>\n\t\t\t\t\t\t<\/a>\n\t\t\t\t\t\t<\/div>\n\t\t\t\t<\/div>\n\t\t\t\t<\/div>\n\t\t<div class=\"elementor-element elementor-element-d186d89 e-con-full e-flex e-con e-child\" data-id=\"d186d89\" data-element_type=\"container\" data-e-type=\"container\">\n\t\t\t\t<div class=\"elementor-element elementor-element-e5088d1 elementor-cta--skin-cover elementor-cta--valign-bottom elementor-widget__width-initial elementor-widget elementor-widget-call-to-action\" data-id=\"e5088d1\" data-element_type=\"widget\" data-e-type=\"widget\" data-widget_type=\"call-to-action.default\">\n\t\t\t\t<div class=\"elementor-widget-container\">\n\t\t\t\t\t\t\t<a class=\"elementor-cta\" href=\"https:\/\/www.baldeneysee.de\/\" target=\"_blank\">\n\t\t\t\t\t<div class=\"elementor-cta__bg-wrapper\">\n\t\t\t\t<div class=\"elementor-cta__bg elementor-bg\" style=\"background-image: url(https:\/\/residenz-oberhausen.de\/wp-content\/uploads\/header2.jpg);\" role=\"img\" aria-label=\"header2\"><\/div>\n\t\t\t\t<div class=\"elementor-cta__bg-overlay\"><\/div>\n\t\t\t<\/div>\n\t\t\t\t\t\t\t<div class=\"elementor-cta__content\">\n\t\t\t\t\n\t\t\t\t\t\t\t\t\t<h3 class=\"elementor-cta__title elementor-cta__content-item elementor-content-item\">\n\t\t\t\t\t\tBaldeneysee Essen\t\t\t\t\t<\/h3>\n\t\t\t\t\n\t\t\t\t\n\t\t\t\t\t\t\t<\/div>\n\t\t\t\t\t\t<\/a>\n\t\t\t\t\t\t<\/div>\n\t\t\t\t<\/div>\n\t\t\t\t<\/div>\n\t\t\t\t\t<\/div>\n\t\t\t\t<\/div>\n\t\t\t\t<\/div>\n\t\t","protected":false},"excerpt":{"rendered":"<p>Oberhausen is right in the middle Start planning your excursion destinations for your stay From our apartment hotel Residenz Oberhausen you can reach numerous leisure attractions within a short distance. Whether amusement park, musical, great excursion destinations such as D\u00fcsseldorf or Essen, pure nature in the Kaisergarten Oberhausen or at Lake Baldeney in Essen&#8230; everything [&hellip;]<\/p>\n","protected":false},"author":1,"featured_media":0,"parent":0,"menu_order":0,"comment_status":"closed","ping_status":"closed","template":"","meta":{"footnotes":""},"class_list":["post-757","page","type-page","status-publish","hentry"],"yoast_head":"<!-- This site is optimized with the Yoast SEO Premium plugin v27.1 (Yoast SEO v27.1.1) - https:\/\/yoast.com\/product\/yoast-seo-premium-wordpress\/ -->\n<title>Discover the surroundings of the Hotel Residenz Oberhausen<\/title>\n<meta name=\"description\" content=\"Located in the city center with good connections to the surrounding freeways. Amusement parks, shopping, trade fairs in D\u00fcsseldorf and Essen\" \/>\n<meta name=\"robots\" content=\"index, follow, max-snippet:-1, max-image-preview:large, max-video-preview:-1\" \/>\n<link rel=\"canonical\" href=\"https:\/\/residenz-oberhausen.de\/en\/surroundings\/\" \/>\n<meta property=\"og:locale\" content=\"en_US\" \/>\n<meta property=\"og:type\" content=\"article\" \/>\n<meta property=\"og:title\" content=\"Surroundings\" \/>\n<meta property=\"og:description\" content=\"Located in the city center with good connections to the surrounding freeways. Amusement parks, shopping, trade fairs in D\u00fcsseldorf and Essen\" \/>\n<meta property=\"og:url\" content=\"https:\/\/residenz-oberhausen.de\/en\/surroundings\/\" \/>\n<meta property=\"og:site_name\" content=\"Residenz Hotel Oberhausen\" \/>\n<meta property=\"article:modified_time\" content=\"2026-02-26T12:46:53+00:00\" \/>\n<meta property=\"og:image\" content=\"https:\/\/residenz-oberhausen.de\/wp-content\/uploads\/Residenz-Aussenansicht-2013.jpg\" \/>\n\t<meta property=\"og:image:width\" content=\"2560\" \/>\n\t<meta property=\"og:image:height\" content=\"2052\" \/>\n\t<meta property=\"og:image:type\" content=\"image\/jpeg\" \/>\n<meta name=\"twitter:card\" content=\"summary_large_image\" \/>\n<meta name=\"twitter:label1\" content=\"Est. reading time\" \/>\n\t<meta name=\"twitter:data1\" content=\"1 minute\" \/>\n<script type=\"application\/ld+json\" class=\"yoast-schema-graph\">{\"@context\":\"https:\/\/schema.org\",\"@graph\":[{\"@type\":\"WebPage\",\"@id\":\"https:\/\/residenz-oberhausen.de\/en\/surroundings\/\",\"url\":\"https:\/\/residenz-oberhausen.de\/en\/surroundings\/\",\"name\":\"Discover the surroundings of the Hotel Residenz Oberhausen\",\"isPartOf\":{\"@id\":\"https:\/\/residenz-oberhausen.de\/en\/#website\"},\"datePublished\":\"2025-10-13T11:58:06+00:00\",\"dateModified\":\"2026-02-26T12:46:53+00:00\",\"description\":\"Located in the city center with good connections to the surrounding freeways. Amusement parks, shopping, trade fairs in D\u00fcsseldorf and Essen\",\"breadcrumb\":{\"@id\":\"https:\/\/residenz-oberhausen.de\/en\/surroundings\/#breadcrumb\"},\"inLanguage\":\"en-US\",\"potentialAction\":[{\"@type\":\"ReadAction\",\"target\":[\"https:\/\/residenz-oberhausen.de\/en\/surroundings\/\"]}]},{\"@type\":\"BreadcrumbList\",\"@id\":\"https:\/\/residenz-oberhausen.de\/en\/surroundings\/#breadcrumb\",\"itemListElement\":[{\"@type\":\"ListItem\",\"position\":1,\"name\":\"Startseite\",\"item\":\"https:\/\/residenz-oberhausen.de\/en\/\"},{\"@type\":\"ListItem\",\"position\":2,\"name\":\"Surroundings\"}]},{\"@type\":\"WebSite\",\"@id\":\"https:\/\/residenz-oberhausen.de\/en\/#website\",\"url\":\"https:\/\/residenz-oberhausen.de\/en\/\",\"name\":\"Residenz Hotel Oberhausen\",\"description\":\"3 Sterne Superior Hotel in Oberhausen\",\"publisher\":{\"@id\":\"https:\/\/residenz-oberhausen.de\/en\/#organization\"},\"potentialAction\":[{\"@type\":\"SearchAction\",\"target\":{\"@type\":\"EntryPoint\",\"urlTemplate\":\"https:\/\/residenz-oberhausen.de\/en\/?s={search_term_string}\"},\"query-input\":{\"@type\":\"PropertyValueSpecification\",\"valueRequired\":true,\"valueName\":\"search_term_string\"}}],\"inLanguage\":\"en-US\"},{\"@type\":\"Organization\",\"@id\":\"https:\/\/residenz-oberhausen.de\/en\/#organization\",\"name\":\"Hotel Residenz Oberhausen\",\"url\":\"https:\/\/residenz-oberhausen.de\/en\/\",\"logo\":{\"@type\":\"ImageObject\",\"inLanguage\":\"en-US\",\"@id\":\"https:\/\/residenz-oberhausen.de\/en\/#\/schema\/logo\/image\/\",\"url\":\"https:\/\/residenz-oberhausen.de\/wp-content\/uploads\/logo.png\",\"contentUrl\":\"https:\/\/residenz-oberhausen.de\/wp-content\/uploads\/logo.png\",\"width\":263,\"height\":100,\"caption\":\"Hotel Residenz Oberhausen\"},\"image\":{\"@id\":\"https:\/\/residenz-oberhausen.de\/en\/#\/schema\/logo\/image\/\"},\"description\":\"3 Sterne Superior Hotel in Oberhausen mit gro\u00dfen Zimmern ab 25 qm. Ideal auch f\u00fcr Langzeitaufenthalte, da Kitchenetten im Zimmer und Appartements verf\u00fcgbar. W\u00e4schekeller mit Self wash Service, Billard, Restaurant\",\"email\":\"info@residenz-oberhausen.de\",\"telephone\":\"004920882080\"}]}<\/script>\n<!-- \/ Yoast SEO Premium plugin. -->","yoast_head_json":{"title":"Discover the surroundings of the Hotel Residenz Oberhausen","description":"Located in the city center with good connections to the surrounding freeways. Amusement parks, shopping, trade fairs in D\u00fcsseldorf and Essen","robots":{"index":"index","follow":"follow","max-snippet":"max-snippet:-1","max-image-preview":"max-image-preview:large","max-video-preview":"max-video-preview:-1"},"canonical":"https:\/\/residenz-oberhausen.de\/en\/surroundings\/","og_locale":"en_US","og_type":"article","og_title":"Surroundings","og_description":"Located in the city center with good connections to the surrounding freeways. Amusement parks, shopping, trade fairs in D\u00fcsseldorf and Essen","og_url":"https:\/\/residenz-oberhausen.de\/en\/surroundings\/","og_site_name":"Residenz Hotel Oberhausen","article_modified_time":"2026-02-26T12:46:53+00:00","og_image":[{"width":2560,"height":2052,"url":"https:\/\/residenz-oberhausen.de\/wp-content\/uploads\/Residenz-Aussenansicht-2013.jpg","type":"image\/jpeg"}],"twitter_card":"summary_large_image","twitter_misc":{"Est. reading time":"1 minute"},"schema":{"@context":"https:\/\/schema.org","@graph":[{"@type":"WebPage","@id":"https:\/\/residenz-oberhausen.de\/en\/surroundings\/","url":"https:\/\/residenz-oberhausen.de\/en\/surroundings\/","name":"Discover the surroundings of the Hotel Residenz Oberhausen","isPartOf":{"@id":"https:\/\/residenz-oberhausen.de\/en\/#website"},"datePublished":"2025-10-13T11:58:06+00:00","dateModified":"2026-02-26T12:46:53+00:00","description":"Located in the city center with good connections to the surrounding freeways. Amusement parks, shopping, trade fairs in D\u00fcsseldorf and Essen","breadcrumb":{"@id":"https:\/\/residenz-oberhausen.de\/en\/surroundings\/#breadcrumb"},"inLanguage":"en-US","potentialAction":[{"@type":"ReadAction","target":["https:\/\/residenz-oberhausen.de\/en\/surroundings\/"]}]},{"@type":"BreadcrumbList","@id":"https:\/\/residenz-oberhausen.de\/en\/surroundings\/#breadcrumb","itemListElement":[{"@type":"ListItem","position":1,"name":"Startseite","item":"https:\/\/residenz-oberhausen.de\/en\/"},{"@type":"ListItem","position":2,"name":"Surroundings"}]},{"@type":"WebSite","@id":"https:\/\/residenz-oberhausen.de\/en\/#website","url":"https:\/\/residenz-oberhausen.de\/en\/","name":"Residenz Hotel Oberhausen","description":"3 Sterne Superior Hotel in Oberhausen","publisher":{"@id":"https:\/\/residenz-oberhausen.de\/en\/#organization"},"potentialAction":[{"@type":"SearchAction","target":{"@type":"EntryPoint","urlTemplate":"https:\/\/residenz-oberhausen.de\/en\/?s={search_term_string}"},"query-input":{"@type":"PropertyValueSpecification","valueRequired":true,"valueName":"search_term_string"}}],"inLanguage":"en-US"},{"@type":"Organization","@id":"https:\/\/residenz-oberhausen.de\/en\/#organization","name":"Hotel Residenz Oberhausen","url":"https:\/\/residenz-oberhausen.de\/en\/","logo":{"@type":"ImageObject","inLanguage":"en-US","@id":"https:\/\/residenz-oberhausen.de\/en\/#\/schema\/logo\/image\/","url":"https:\/\/residenz-oberhausen.de\/wp-content\/uploads\/logo.png","contentUrl":"https:\/\/residenz-oberhausen.de\/wp-content\/uploads\/logo.png","width":263,"height":100,"caption":"Hotel Residenz Oberhausen"},"image":{"@id":"https:\/\/residenz-oberhausen.de\/en\/#\/schema\/logo\/image\/"},"description":"3 Sterne Superior Hotel in Oberhausen mit gro\u00dfen Zimmern ab 25 qm. Ideal auch f\u00fcr Langzeitaufenthalte, da Kitchenetten im Zimmer und Appartements verf\u00fcgbar. W\u00e4schekeller mit Self wash Service, Billard, Restaurant","email":"info@residenz-oberhausen.de","telephone":"004920882080"}]}},"_links":{"self":[{"href":"https:\/\/residenz-oberhausen.de\/en\/wp-json\/wp\/v2\/pages\/757","targetHints":{"allow":["GET"]}}],"collection":[{"href":"https:\/\/residenz-oberhausen.de\/en\/wp-json\/wp\/v2\/pages"}],"about":[{"href":"https:\/\/residenz-oberhausen.de\/en\/wp-json\/wp\/v2\/types\/page"}],"author":[{"embeddable":true,"href":"https:\/\/residenz-oberhausen.de\/en\/wp-json\/wp\/v2\/users\/1"}],"replies":[{"embeddable":true,"href":"https:\/\/residenz-oberhausen.de\/en\/wp-json\/wp\/v2\/comments?post=757"}],"version-history":[{"count":4,"href":"https:\/\/residenz-oberhausen.de\/en\/wp-json\/wp\/v2\/pages\/757\/revisions"}],"predecessor-version":[{"id":977,"href":"https:\/\/residenz-oberhausen.de\/en\/wp-json\/wp\/v2\/pages\/757\/revisions\/977"}],"wp:attachment":[{"href":"https:\/\/residenz-oberhausen.de\/en\/wp-json\/wp\/v2\/media?parent=757"}],"curies":[{"name":"wp","href":"https:\/\/api.w.org\/{rel}","templated":true}]}}