{"id":742,"date":"2025-10-13T13:57:49","date_gmt":"2025-10-13T11:57:49","guid":{"rendered":"https:\/\/residenz-oberhausen.de\/facilities\/"},"modified":"2026-02-26T13:43:26","modified_gmt":"2026-02-26T12:43:26","slug":"facilities","status":"publish","type":"page","link":"https:\/\/residenz-oberhausen.de\/en\/facilities\/","title":{"rendered":"Facilities"},"content":{"rendered":"\t\t<div data-elementor-type=\"wp-page\" data-elementor-id=\"742\" class=\"elementor elementor-742 elementor-58\" data-elementor-post-type=\"page\">\n\t\t\t\t<div class=\"elementor-element elementor-element-016439a e-con-full e-flex e-con e-parent\" data-id=\"016439a\" data-element_type=\"container\" data-e-type=\"container\" data-settings=\"{&quot;background_background&quot;:&quot;classic&quot;}\">\n\t\t\t\t<div class=\"elementor-element elementor-element-13d9118 elementor-invisible elementor-widget elementor-widget-heading\" data-id=\"13d9118\" data-element_type=\"widget\" data-e-type=\"widget\" data-settings=\"{&quot;_animation&quot;:&quot;fadeInUp&quot;,&quot;_animation_delay&quot;:200}\" data-widget_type=\"heading.default\">\n\t\t\t\t<div class=\"elementor-widget-container\">\n\t\t\t\t\t<h1 class=\"elementor-heading-title elementor-size-default\">Unsere Hotel Ausstattung auf einen Blick<\/h1>\t\t\t\t<\/div>\n\t\t\t\t<\/div>\n\t\t\t\t<\/div>\n\t\t<div class=\"elementor-element elementor-element-aac7f0e e-flex e-con-boxed e-con e-parent\" data-id=\"aac7f0e\" data-element_type=\"container\" data-e-type=\"container\">\n\t\t\t\t\t<div class=\"e-con-inner\">\n\t\t\t\t<div class=\"elementor-element elementor-element-3b621ac elementor-widget__width-initial elementor-widget elementor-widget-text-editor\" data-id=\"3b621ac\" data-element_type=\"widget\" data-e-type=\"widget\" data-widget_type=\"text-editor.default\">\n\t\t\t\t<div class=\"elementor-widget-container\">\n\t\t\t\t\t\t\t\t\t<p>In our apartment hotel Residenz Oberhausen you will find everything you need for a successful short break, business rooms for business travelers and for long-term stays.<\/p><p>Kitchenette with microwave, laundry room with washing machines, games room with pool table and table tennis, indoor swimming pool directly opposite.<\/p><p>Here with us at the Hotel Residenz Oberhausen you can really have a good time!<\/p>\t\t\t\t\t\t\t\t<\/div>\n\t\t\t\t<\/div>\n\t\t\t\t\t<\/div>\n\t\t\t\t<\/div>\n\t\t<div class=\"elementor-element elementor-element-d88b780 e-con-full e-flex e-con e-parent\" data-id=\"d88b780\" data-element_type=\"container\" data-e-type=\"container\">\n\t\t<div class=\"elementor-element elementor-element-9f9ca94 e-con-full e-flex e-con e-child\" data-id=\"9f9ca94\" data-element_type=\"container\" data-e-type=\"container\">\n\t\t\t\t<div class=\"elementor-element elementor-element-20091cc animated-fast elementor-invisible elementor-widget elementor-widget-image\" data-id=\"20091cc\" data-element_type=\"widget\" data-e-type=\"widget\" data-settings=\"{&quot;_animation&quot;:&quot;fadeInLeft&quot;,&quot;_animation_delay&quot;:250}\" data-widget_type=\"image.default\">\n\t\t\t\t<div class=\"elementor-widget-container\">\n\t\t\t\t\t\t\t\t\t\t\t\t\t\t\t<img fetchpriority=\"high\" decoding=\"async\" width=\"1536\" height=\"1231\" src=\"https:\/\/residenz-oberhausen.de\/wp-content\/uploads\/Residenz-Aussenansicht-2013-1536x1231.jpg\" class=\"attachment-1536x1536 size-1536x1536 wp-image-486\" alt=\"Hotel Residenz Oberhausen Hotel view from the street. Front in turquoise.\" srcset=\"https:\/\/residenz-oberhausen.de\/wp-content\/uploads\/Residenz-Aussenansicht-2013-1536x1231.jpg 1536w, https:\/\/residenz-oberhausen.de\/wp-content\/uploads\/Residenz-Aussenansicht-2013-300x240.jpg 300w, https:\/\/residenz-oberhausen.de\/wp-content\/uploads\/Residenz-Aussenansicht-2013-1024x821.jpg 1024w, https:\/\/residenz-oberhausen.de\/wp-content\/uploads\/Residenz-Aussenansicht-2013-768x616.jpg 768w, https:\/\/residenz-oberhausen.de\/wp-content\/uploads\/Residenz-Aussenansicht-2013-2048x1642.jpg 2048w\" sizes=\"(max-width: 1536px) 100vw, 1536px\" \/>\t\t\t\t\t\t\t\t\t\t\t\t\t\t\t<\/div>\n\t\t\t\t<\/div>\n\t\t\t\t<\/div>\n\t\t<div class=\"elementor-element elementor-element-ab4bf82 e-con-full e-flex e-con e-child\" data-id=\"ab4bf82\" data-element_type=\"container\" data-e-type=\"container\">\n\t\t\t\t<div class=\"elementor-element elementor-element-1f2c792 animated-fast elementor-invisible elementor-widget elementor-widget-heading\" data-id=\"1f2c792\" data-element_type=\"widget\" data-e-type=\"widget\" data-settings=\"{&quot;_animation&quot;:&quot;fadeInRight&quot;,&quot;_animation_delay&quot;:450}\" data-widget_type=\"heading.default\">\n\t\t\t\t<div class=\"elementor-widget-container\">\n\t\t\t\t\t<h2 class=\"elementor-heading-title elementor-size-default\">Hotel<\/h2>\t\t\t\t<\/div>\n\t\t\t\t<\/div>\n\t\t\t\t<div class=\"elementor-element elementor-element-03a9536 animated-fast elementor-invisible elementor-widget elementor-widget-text-editor\" data-id=\"03a9536\" data-element_type=\"widget\" data-e-type=\"widget\" data-settings=\"{&quot;_animation&quot;:&quot;fadeInRight&quot;,&quot;_animation_delay&quot;:650}\" data-widget_type=\"text-editor.default\">\n\t\t\t\t<div class=\"elementor-widget-container\">\n\t\t\t\t\t\t\t\t\t<ul><li>3 stars superior &#8211; DEHOGA classified<\/li><li>103 <a href=\"\/zimmer-residenz-hotel-oberhausen\/\">rooms<\/a> in total<\/li><li>4 room categories: <a href=\"https:\/\/residenz-oberhausen.de\/en\/zimmer-residenz-hotel-oberhausen\/comfort-rooms\/\">Comfort<\/a>, <a href=\"https:\/\/residenz-oberhausen.de\/en\/zimmer-residenz-hotel-oberhausen\/comfort-rooms-plus-news\/\">Comfort Plus<\/a>, <a href=\"https:\/\/residenz-oberhausen.de\/en\/zimmer-residenz-hotel-oberhausen\/superior-rooms\/\">Superior<\/a>, <a href=\"https:\/\/residenz-oberhausen.de\/en\/zimmer-residenz-hotel-oberhausen\/appartements\/\">Apartments<\/a> with studio kitchen<\/li><li>Free outdoor parking spaces<\/li><li>Underground parking garage \u20ac 8 per day with 2 charging stations for e-cars (fee \u20ac 15)<\/li><li>free W-Lan<\/li><li>Laundry room with washing machines &#8211; self wash service for a fee<\/li><li>Bicycle garage with charging station for e-bikes<\/li><li>E-bikes for hire \u20ac 10 per day<\/li><li>Drinks vending machine in the hotel lobby for a fee<\/li><li>Indoor pool directly opposite for free use according to opening hours<\/li><\/ul>\t\t\t\t\t\t\t\t<\/div>\n\t\t\t\t<\/div>\n\t\t\t\t<\/div>\n\t\t\t\t<\/div>\n\t\t<div class=\"elementor-element elementor-element-25dc43c e-con-full e-flex e-con e-parent\" data-id=\"25dc43c\" data-element_type=\"container\" data-e-type=\"container\">\n\t\t<div class=\"elementor-element elementor-element-e384abe e-con-full e-flex e-con e-child\" data-id=\"e384abe\" data-element_type=\"container\" data-e-type=\"container\">\n\t\t\t\t<div class=\"elementor-element elementor-element-228539c animated-fast elementor-invisible elementor-widget elementor-widget-image\" data-id=\"228539c\" data-element_type=\"widget\" data-e-type=\"widget\" data-settings=\"{&quot;_animation&quot;:&quot;fadeInRight&quot;,&quot;_animation_delay&quot;:250}\" data-widget_type=\"image.default\">\n\t\t\t\t<div class=\"elementor-widget-container\">\n\t\t\t\t\t\t\t\t\t\t\t\t\t\t\t<img decoding=\"async\" width=\"1477\" height=\"1536\" src=\"https:\/\/residenz-oberhausen.de\/wp-content\/uploads\/20220208_195329-1477x1536.jpg\" class=\"attachment-1536x1536 size-1536x1536 wp-image-499\" alt=\"\" srcset=\"https:\/\/residenz-oberhausen.de\/wp-content\/uploads\/20220208_195329-1477x1536.jpg 1477w, https:\/\/residenz-oberhausen.de\/wp-content\/uploads\/20220208_195329-288x300.jpg 288w, https:\/\/residenz-oberhausen.de\/wp-content\/uploads\/20220208_195329-984x1024.jpg 984w, https:\/\/residenz-oberhausen.de\/wp-content\/uploads\/20220208_195329-768x799.jpg 768w, https:\/\/residenz-oberhausen.de\/wp-content\/uploads\/20220208_195329-1969x2048.jpg 1969w\" sizes=\"(max-width: 1477px) 100vw, 1477px\" \/>\t\t\t\t\t\t\t\t\t\t\t\t\t\t\t<\/div>\n\t\t\t\t<\/div>\n\t\t\t\t<\/div>\n\t\t<div class=\"elementor-element elementor-element-7f77057 e-con-full e-flex e-con e-child\" data-id=\"7f77057\" data-element_type=\"container\" data-e-type=\"container\">\n\t\t\t\t<div class=\"elementor-element elementor-element-c63ca33 animated-fast elementor-invisible elementor-widget elementor-widget-heading\" data-id=\"c63ca33\" data-element_type=\"widget\" data-e-type=\"widget\" data-settings=\"{&quot;_animation&quot;:&quot;fadeInLeft&quot;,&quot;_animation_delay&quot;:450}\" data-widget_type=\"heading.default\">\n\t\t\t\t<div class=\"elementor-widget-container\">\n\t\t\t\t\t<h2 class=\"elementor-heading-title elementor-size-default\">Restaurant<\/h2>\t\t\t\t<\/div>\n\t\t\t\t<\/div>\n\t\t\t\t<div class=\"elementor-element elementor-element-5a2b9e8 animated-fast elementor-invisible elementor-widget elementor-widget-text-editor\" data-id=\"5a2b9e8\" data-element_type=\"widget\" data-e-type=\"widget\" data-settings=\"{&quot;_animation&quot;:&quot;fadeInLeft&quot;,&quot;_animation_delay&quot;:650}\" data-widget_type=\"text-editor.default\">\n\t\t\t\t<div class=\"elementor-widget-container\">\n\t\t\t\t\t\t\t\t\t<ul><li>daily breakfast buffet<\/li><li>1 \u00e0 la carte <a href=\"https:\/\/residenz-oberhausen.de\/en\/restaurant\/\">restaurant <\/a> <\/li><li>Hotel bar in the restaurant<\/li><li>Meeting rooms for up to 60 people<\/li><li>Multiple restaurant choices in the vicinity of our hotel<\/li><li>Cozy selection of pubs within walking distance of the hotel directly in the city center<\/li><\/ul>\t\t\t\t\t\t\t\t<\/div>\n\t\t\t\t<\/div>\n\t\t\t\t<\/div>\n\t\t\t\t<\/div>\n\t\t\t\t<\/div>\n\t\t","protected":false},"excerpt":{"rendered":"<p>Unsere Hotel Ausstattung auf einen Blick In our apartment hotel Residenz Oberhausen you will find everything you need for a successful short break, business rooms for business travelers and for long-term stays. Kitchenette with microwave, laundry room with washing machines, games room with pool table and table tennis, indoor swimming pool directly opposite. Here with [&hellip;]<\/p>\n","protected":false},"author":1,"featured_media":0,"parent":0,"menu_order":0,"comment_status":"closed","ping_status":"closed","template":"","meta":{"footnotes":""},"class_list":["post-742","page","type-page","status-publish","hentry"],"yoast_head":"<!-- This site is optimized with the Yoast SEO Premium plugin v27.1 (Yoast SEO v27.1.1) - https:\/\/yoast.com\/product\/yoast-seo-premium-wordpress\/ -->\n<title>Facilities | Residenz Hotel Oberhausen<\/title>\n<meta name=\"description\" content=\"Get an overview of the facilities at Hotel Residenz Oberhausen and plan your stay.\" \/>\n<meta name=\"robots\" content=\"index, follow, max-snippet:-1, max-image-preview:large, max-video-preview:-1\" \/>\n<link rel=\"canonical\" href=\"https:\/\/residenz-oberhausen.de\/en\/facilities\/\" \/>\n<meta property=\"og:locale\" content=\"en_US\" \/>\n<meta property=\"og:type\" content=\"article\" \/>\n<meta property=\"og:title\" content=\"Facilities\" \/>\n<meta property=\"og:description\" content=\"Get an overview of the facilities at Hotel Residenz Oberhausen and plan your stay.\" \/>\n<meta property=\"og:url\" content=\"https:\/\/residenz-oberhausen.de\/en\/facilities\/\" \/>\n<meta property=\"og:site_name\" content=\"Residenz Hotel Oberhausen\" \/>\n<meta property=\"article:modified_time\" content=\"2026-02-26T12:43:26+00:00\" \/>\n<meta property=\"og:image\" content=\"https:\/\/residenz-oberhausen.de\/wp-content\/uploads\/Residenz-Aussenansicht-2013.jpg\" \/>\n\t<meta property=\"og:image:width\" content=\"2560\" \/>\n\t<meta property=\"og:image:height\" content=\"2052\" \/>\n\t<meta property=\"og:image:type\" content=\"image\/jpeg\" \/>\n<meta name=\"twitter:card\" content=\"summary_large_image\" \/>\n<meta name=\"twitter:label1\" content=\"Est. reading time\" \/>\n\t<meta name=\"twitter:data1\" content=\"2 minutes\" \/>\n<script type=\"application\/ld+json\" class=\"yoast-schema-graph\">{\"@context\":\"https:\/\/schema.org\",\"@graph\":[{\"@type\":\"WebPage\",\"@id\":\"https:\/\/residenz-oberhausen.de\/en\/facilities\/\",\"url\":\"https:\/\/residenz-oberhausen.de\/en\/facilities\/\",\"name\":\"Facilities | Residenz Hotel Oberhausen\",\"isPartOf\":{\"@id\":\"https:\/\/residenz-oberhausen.de\/en\/#website\"},\"primaryImageOfPage\":{\"@id\":\"https:\/\/residenz-oberhausen.de\/en\/facilities\/#primaryimage\"},\"image\":{\"@id\":\"https:\/\/residenz-oberhausen.de\/en\/facilities\/#primaryimage\"},\"thumbnailUrl\":\"https:\/\/residenz-oberhausen.de\/wp-content\/uploads\/Residenz-Aussenansicht-2013-1536x1231.jpg\",\"datePublished\":\"2025-10-13T11:57:49+00:00\",\"dateModified\":\"2026-02-26T12:43:26+00:00\",\"description\":\"Get an overview of the facilities at Hotel Residenz Oberhausen and plan your stay.\",\"breadcrumb\":{\"@id\":\"https:\/\/residenz-oberhausen.de\/en\/facilities\/#breadcrumb\"},\"inLanguage\":\"en-US\",\"potentialAction\":[{\"@type\":\"ReadAction\",\"target\":[\"https:\/\/residenz-oberhausen.de\/en\/facilities\/\"]}]},{\"@type\":\"ImageObject\",\"inLanguage\":\"en-US\",\"@id\":\"https:\/\/residenz-oberhausen.de\/en\/facilities\/#primaryimage\",\"url\":\"https:\/\/residenz-oberhausen.de\/wp-content\/uploads\/Residenz-Aussenansicht-2013-1536x1231.jpg\",\"contentUrl\":\"https:\/\/residenz-oberhausen.de\/wp-content\/uploads\/Residenz-Aussenansicht-2013-1536x1231.jpg\"},{\"@type\":\"BreadcrumbList\",\"@id\":\"https:\/\/residenz-oberhausen.de\/en\/facilities\/#breadcrumb\",\"itemListElement\":[{\"@type\":\"ListItem\",\"position\":1,\"name\":\"Startseite\",\"item\":\"https:\/\/residenz-oberhausen.de\/en\/\"},{\"@type\":\"ListItem\",\"position\":2,\"name\":\"Facilities\"}]},{\"@type\":\"WebSite\",\"@id\":\"https:\/\/residenz-oberhausen.de\/en\/#website\",\"url\":\"https:\/\/residenz-oberhausen.de\/en\/\",\"name\":\"Residenz Hotel Oberhausen\",\"description\":\"3 Sterne Superior Hotel in Oberhausen\",\"publisher\":{\"@id\":\"https:\/\/residenz-oberhausen.de\/en\/#organization\"},\"potentialAction\":[{\"@type\":\"SearchAction\",\"target\":{\"@type\":\"EntryPoint\",\"urlTemplate\":\"https:\/\/residenz-oberhausen.de\/en\/?s={search_term_string}\"},\"query-input\":{\"@type\":\"PropertyValueSpecification\",\"valueRequired\":true,\"valueName\":\"search_term_string\"}}],\"inLanguage\":\"en-US\"},{\"@type\":\"Organization\",\"@id\":\"https:\/\/residenz-oberhausen.de\/en\/#organization\",\"name\":\"Hotel Residenz Oberhausen\",\"url\":\"https:\/\/residenz-oberhausen.de\/en\/\",\"logo\":{\"@type\":\"ImageObject\",\"inLanguage\":\"en-US\",\"@id\":\"https:\/\/residenz-oberhausen.de\/en\/#\/schema\/logo\/image\/\",\"url\":\"https:\/\/residenz-oberhausen.de\/wp-content\/uploads\/logo.png\",\"contentUrl\":\"https:\/\/residenz-oberhausen.de\/wp-content\/uploads\/logo.png\",\"width\":263,\"height\":100,\"caption\":\"Hotel Residenz Oberhausen\"},\"image\":{\"@id\":\"https:\/\/residenz-oberhausen.de\/en\/#\/schema\/logo\/image\/\"},\"description\":\"3 Sterne Superior Hotel in Oberhausen mit gro\u00dfen Zimmern ab 25 qm. Ideal auch f\u00fcr Langzeitaufenthalte, da Kitchenetten im Zimmer und Appartements verf\u00fcgbar. W\u00e4schekeller mit Self wash Service, Billard, Restaurant\",\"email\":\"info@residenz-oberhausen.de\",\"telephone\":\"004920882080\"}]}<\/script>\n<!-- \/ Yoast SEO Premium plugin. -->","yoast_head_json":{"title":"Facilities | Residenz Hotel Oberhausen","description":"Get an overview of the facilities at Hotel Residenz Oberhausen and plan your stay.","robots":{"index":"index","follow":"follow","max-snippet":"max-snippet:-1","max-image-preview":"max-image-preview:large","max-video-preview":"max-video-preview:-1"},"canonical":"https:\/\/residenz-oberhausen.de\/en\/facilities\/","og_locale":"en_US","og_type":"article","og_title":"Facilities","og_description":"Get an overview of the facilities at Hotel Residenz Oberhausen and plan your stay.","og_url":"https:\/\/residenz-oberhausen.de\/en\/facilities\/","og_site_name":"Residenz Hotel Oberhausen","article_modified_time":"2026-02-26T12:43:26+00:00","og_image":[{"width":2560,"height":2052,"url":"https:\/\/residenz-oberhausen.de\/wp-content\/uploads\/Residenz-Aussenansicht-2013.jpg","type":"image\/jpeg"}],"twitter_card":"summary_large_image","twitter_misc":{"Est. reading time":"2 minutes"},"schema":{"@context":"https:\/\/schema.org","@graph":[{"@type":"WebPage","@id":"https:\/\/residenz-oberhausen.de\/en\/facilities\/","url":"https:\/\/residenz-oberhausen.de\/en\/facilities\/","name":"Facilities | Residenz Hotel Oberhausen","isPartOf":{"@id":"https:\/\/residenz-oberhausen.de\/en\/#website"},"primaryImageOfPage":{"@id":"https:\/\/residenz-oberhausen.de\/en\/facilities\/#primaryimage"},"image":{"@id":"https:\/\/residenz-oberhausen.de\/en\/facilities\/#primaryimage"},"thumbnailUrl":"https:\/\/residenz-oberhausen.de\/wp-content\/uploads\/Residenz-Aussenansicht-2013-1536x1231.jpg","datePublished":"2025-10-13T11:57:49+00:00","dateModified":"2026-02-26T12:43:26+00:00","description":"Get an overview of the facilities at Hotel Residenz Oberhausen and plan your stay.","breadcrumb":{"@id":"https:\/\/residenz-oberhausen.de\/en\/facilities\/#breadcrumb"},"inLanguage":"en-US","potentialAction":[{"@type":"ReadAction","target":["https:\/\/residenz-oberhausen.de\/en\/facilities\/"]}]},{"@type":"ImageObject","inLanguage":"en-US","@id":"https:\/\/residenz-oberhausen.de\/en\/facilities\/#primaryimage","url":"https:\/\/residenz-oberhausen.de\/wp-content\/uploads\/Residenz-Aussenansicht-2013-1536x1231.jpg","contentUrl":"https:\/\/residenz-oberhausen.de\/wp-content\/uploads\/Residenz-Aussenansicht-2013-1536x1231.jpg"},{"@type":"BreadcrumbList","@id":"https:\/\/residenz-oberhausen.de\/en\/facilities\/#breadcrumb","itemListElement":[{"@type":"ListItem","position":1,"name":"Startseite","item":"https:\/\/residenz-oberhausen.de\/en\/"},{"@type":"ListItem","position":2,"name":"Facilities"}]},{"@type":"WebSite","@id":"https:\/\/residenz-oberhausen.de\/en\/#website","url":"https:\/\/residenz-oberhausen.de\/en\/","name":"Residenz Hotel Oberhausen","description":"3 Sterne Superior Hotel in Oberhausen","publisher":{"@id":"https:\/\/residenz-oberhausen.de\/en\/#organization"},"potentialAction":[{"@type":"SearchAction","target":{"@type":"EntryPoint","urlTemplate":"https:\/\/residenz-oberhausen.de\/en\/?s={search_term_string}"},"query-input":{"@type":"PropertyValueSpecification","valueRequired":true,"valueName":"search_term_string"}}],"inLanguage":"en-US"},{"@type":"Organization","@id":"https:\/\/residenz-oberhausen.de\/en\/#organization","name":"Hotel Residenz Oberhausen","url":"https:\/\/residenz-oberhausen.de\/en\/","logo":{"@type":"ImageObject","inLanguage":"en-US","@id":"https:\/\/residenz-oberhausen.de\/en\/#\/schema\/logo\/image\/","url":"https:\/\/residenz-oberhausen.de\/wp-content\/uploads\/logo.png","contentUrl":"https:\/\/residenz-oberhausen.de\/wp-content\/uploads\/logo.png","width":263,"height":100,"caption":"Hotel Residenz Oberhausen"},"image":{"@id":"https:\/\/residenz-oberhausen.de\/en\/#\/schema\/logo\/image\/"},"description":"3 Sterne Superior Hotel in Oberhausen mit gro\u00dfen Zimmern ab 25 qm. Ideal auch f\u00fcr Langzeitaufenthalte, da Kitchenetten im Zimmer und Appartements verf\u00fcgbar. W\u00e4schekeller mit Self wash Service, Billard, Restaurant","email":"info@residenz-oberhausen.de","telephone":"004920882080"}]}},"_links":{"self":[{"href":"https:\/\/residenz-oberhausen.de\/en\/wp-json\/wp\/v2\/pages\/742","targetHints":{"allow":["GET"]}}],"collection":[{"href":"https:\/\/residenz-oberhausen.de\/en\/wp-json\/wp\/v2\/pages"}],"about":[{"href":"https:\/\/residenz-oberhausen.de\/en\/wp-json\/wp\/v2\/types\/page"}],"author":[{"embeddable":true,"href":"https:\/\/residenz-oberhausen.de\/en\/wp-json\/wp\/v2\/users\/1"}],"replies":[{"embeddable":true,"href":"https:\/\/residenz-oberhausen.de\/en\/wp-json\/wp\/v2\/comments?post=742"}],"version-history":[{"count":6,"href":"https:\/\/residenz-oberhausen.de\/en\/wp-json\/wp\/v2\/pages\/742\/revisions"}],"predecessor-version":[{"id":965,"href":"https:\/\/residenz-oberhausen.de\/en\/wp-json\/wp\/v2\/pages\/742\/revisions\/965"}],"wp:attachment":[{"href":"https:\/\/residenz-oberhausen.de\/en\/wp-json\/wp\/v2\/media?parent=742"}],"curies":[{"name":"wp","href":"https:\/\/api.w.org\/{rel}","templated":true}]}}