{"id":540,"date":"2025-10-13T13:57:01","date_gmt":"2025-10-13T11:57:01","guid":{"rendered":"https:\/\/relaunch.residenz-oberhausen.de\/contact\/"},"modified":"2026-02-26T13:41:28","modified_gmt":"2026-02-26T12:41:28","slug":"contact","status":"publish","type":"page","link":"https:\/\/residenz-oberhausen.de\/en\/contact\/","title":{"rendered":"Contact"},"content":{"rendered":"\t\t<div data-elementor-type=\"wp-page\" data-elementor-id=\"540\" class=\"elementor elementor-540 elementor-54\" data-elementor-post-type=\"page\">\n\t\t\t\t<div class=\"elementor-element elementor-element-7c8f93a e-con-full e-flex e-con e-parent\" data-id=\"7c8f93a\" data-element_type=\"container\" data-e-type=\"container\" data-settings=\"{&quot;background_background&quot;:&quot;classic&quot;}\">\n\t\t\t\t<div class=\"elementor-element elementor-element-32bca20 elementor-invisible elementor-widget elementor-widget-heading\" data-id=\"32bca20\" data-element_type=\"widget\" data-e-type=\"widget\" data-settings=\"{&quot;_animation&quot;:&quot;fadeInUp&quot;,&quot;_animation_delay&quot;:200}\" data-widget_type=\"heading.default\">\n\t\t\t\t<div class=\"elementor-widget-container\">\n\t\t\t\t\t<h1 class=\"elementor-heading-title elementor-size-default\">Contact<\/h1>\t\t\t\t<\/div>\n\t\t\t\t<\/div>\n\t\t\t\t<\/div>\n\t\t<div class=\"elementor-element elementor-element-ab90a6d e-flex e-con-boxed e-con e-parent\" data-id=\"ab90a6d\" data-element_type=\"container\" data-e-type=\"container\">\n\t\t\t\t\t<div class=\"e-con-inner\">\n\t\t<div class=\"elementor-element elementor-element-7f78ee4 e-con-full e-flex e-con e-child\" data-id=\"7f78ee4\" data-element_type=\"container\" data-e-type=\"container\">\n\t\t\t\t<div class=\"elementor-element elementor-element-21f443e elementor-widget elementor-widget-heading\" data-id=\"21f443e\" data-element_type=\"widget\" data-e-type=\"widget\" data-widget_type=\"heading.default\">\n\t\t\t\t<div class=\"elementor-widget-container\">\n\t\t\t\t\t<h2 class=\"elementor-heading-title elementor-size-default\">Do you have any questions?<\/h2>\t\t\t\t<\/div>\n\t\t\t\t<\/div>\n\t\t\t\t<div class=\"elementor-element elementor-element-23d098f elementor-button-align-stretch elementor-widget elementor-widget-form\" data-id=\"23d098f\" data-element_type=\"widget\" data-e-type=\"widget\" data-settings=\"{&quot;step_next_label&quot;:&quot;N\\u00e4chster&quot;,&quot;step_previous_label&quot;:&quot;Voriger&quot;,&quot;button_width&quot;:&quot;100&quot;,&quot;step_type&quot;:&quot;number_text&quot;,&quot;step_icon_shape&quot;:&quot;circle&quot;}\" data-widget_type=\"form.default\">\n\t\t\t\t<div class=\"elementor-widget-container\">\n\t\t\t\t\t\t\t<form class=\"elementor-form\" method=\"post\" name=\"Contact form\" aria-label=\"Contact form\">\n\t\t\t<input type=\"hidden\" name=\"post_id\" value=\"540\"\/>\n\t\t\t<input type=\"hidden\" name=\"form_id\" value=\"23d098f\"\/>\n\t\t\t<input type=\"hidden\" name=\"referer_title\" value=\"Contact | Residenz Hotel Oberhausen\" \/>\n\n\t\t\t\t\t\t\t<input type=\"hidden\" name=\"queried_id\" value=\"540\"\/>\n\t\t\t\n\t\t\t<div class=\"elementor-form-fields-wrapper elementor-labels-\">\n\t\t\t\t\t\t\t\t<div class=\"elementor-field-type-text elementor-field-group elementor-column elementor-field-group-name elementor-col-100\">\n\t\t\t\t\t\t\t\t\t\t\t\t<label for=\"form-field-name\" class=\"elementor-field-label elementor-screen-only\">\n\t\t\t\t\t\t\t\tName\t\t\t\t\t\t\t<\/label>\n\t\t\t\t\t\t\t\t\t\t\t\t\t\t<input size=\"1\" type=\"text\" name=\"form_fields[name]\" id=\"form-field-name\" class=\"elementor-field elementor-size-sm  elementor-field-textual\" placeholder=\"Name\">\n\t\t\t\t\t\t\t\t\t\t\t<\/div>\n\t\t\t\t\t\t\t\t<div class=\"elementor-field-type-email elementor-field-group elementor-column elementor-field-group-email elementor-col-100 elementor-field-required\">\n\t\t\t\t\t\t\t\t\t\t\t\t<label for=\"form-field-email\" class=\"elementor-field-label elementor-screen-only\">\n\t\t\t\t\t\t\t\tE-Mail\t\t\t\t\t\t\t<\/label>\n\t\t\t\t\t\t\t\t\t\t\t\t\t\t<input size=\"1\" type=\"email\" name=\"form_fields[email]\" id=\"form-field-email\" class=\"elementor-field elementor-size-sm  elementor-field-textual\" placeholder=\"E-Mail *\" required=\"required\">\n\t\t\t\t\t\t\t\t\t\t\t<\/div>\n\t\t\t\t\t\t\t\t<div class=\"elementor-field-type-textarea elementor-field-group elementor-column elementor-field-group-message elementor-col-100\">\n\t\t\t\t\t\t\t\t\t\t\t\t<label for=\"form-field-message\" class=\"elementor-field-label elementor-screen-only\">\n\t\t\t\t\t\t\t\tMessage\t\t\t\t\t\t\t<\/label>\n\t\t\t\t\t\t<textarea class=\"elementor-field-textual elementor-field  elementor-size-sm\" name=\"form_fields[message]\" id=\"form-field-message\" rows=\"4\" placeholder=\"Message\"><\/textarea>\t\t\t\t<\/div>\n\t\t\t\t<div class=\"elementor-field-type-text elementor-field-group elementor-column elementor-field-group-text elementor-col-100 elementor-field-required\"><input type=\"hidden\" name=\"php_start_time\" value=\"1775426066.1387\" \/><input type=\"hidden\" name=\"js_end_time\" class=\"js_end_time\" value=\"\" \/><input type=\"hidden\" name=\"js_start_time\" class=\"js_start_time\" value=\"\" \/><div class=\"f12-captcha template-2\">\r\n    <div class=\"c-header\">\r\n        <!-- Label correctly linked with `for` -->\r\n        <div class=\"c-label\">\r\n            <label for=\"c_6fb8b8a16d7439d3de93\">\r\n\t\t\t\tCaptcha            <\/label>\r\n        <\/div>\r\n\r\n        <!-- CAPTCHA data with ARIA LIVE region -->\r\n        <div class=\"c-data\" aria-live=\"polite\" aria-atomic=\"true\" aria-describedby=\"captcha-instructions\">\r\n\t\t\t<span class=\"captcha-calculation\">9 + 1 = ?<\/span>        <\/div>\r\n\r\n        <!-- CAPTCHA reload with keyboard accessibility -->\r\n        <div class=\"c-reload\" role=\"button\" tabindex=\"0\" aria-label=\"Refresh CAPTCHA\">\r\n\t\t\t<a href=\"#\" class=\"cf7 captcha-reload\" style=\"display:inline-flex !important; align-items:center !important; justify-content:center !important; background-color:#2196f3 !important; padding:3px !important; border-radius:3px !important; line-height:0 !important; box-sizing:content-box !important; text-decoration:none !important;\" title=\"Reload Captcha\"><img decoding=\"async\" style=\"display:block !important; width:16px !important; height:16px !important; max-width:none !important; margin:0 !important; padding:0 !important;\" src=\"https:\/\/residenz-oberhausen.de\/wp-content\/plugins\/captcha-for-contact-form-7\/core\/assets\/reload-icon.png\" alt=\"Reload\"\/><\/a>        <\/div>\r\n    <\/div>\r\n\r\n    <!-- Hidden input values -->\r\n    <input type=\"hidden\" id=\"hash_c_6fb8b8a16d7439d3de93\"\r\n           name=\"f12_captcha_hash\"\r\n           value=\"$2y$10$v7MqGRGLh5UZHy5WmvapD.GFISTNf4n7q1LamQao.gZmAs7hlZhTC\"\/>\r\n\r\n    <!-- Input field with accessibility attributes -->\r\n    <div class=\"\" >\r\n        <input class=\"f12c \"\r\n               data-method=\"math\"                type=\"text\"\r\n               id=\"c_6fb8b8a16d7439d3de93\"\r\n               name=\"f12_captcha\"\r\n               placeholder=\"Captcha\"\r\n               value=\"\"\r\n               aria-required=\"true\"\r\n               aria-describedby=\"captcha-instructions\"\/>\r\n    <\/div>\r\n\r\n    <!-- Screen reader instructions -->\r\n    <p id=\"captcha-instructions\" class=\"screen-reader-text\">\r\n\t\tPlease enter the characters shown in the CAPTCHA to verify that you are human.    <\/p>\r\n<\/div><\/div>\t\t\t\t<div class=\"elementor-field-type-acceptance elementor-field-group elementor-column elementor-field-group-field_65afb08 elementor-col-100 elementor-field-required\">\n\t\t\t\t\t\t\t\t\t\t\t\t<label for=\"form-field-field_65afb08\" class=\"elementor-field-label elementor-screen-only\">\n\t\t\t\t\t\t\t\tData protection\t\t\t\t\t\t\t<\/label>\n\t\t\t\t\t\t\t\t<div class=\"elementor-field-subgroup\">\n\t\t\t<span class=\"elementor-field-option\">\n\t\t\t\t<input type=\"checkbox\" name=\"form_fields[field_65afb08]\" id=\"form-field-field_65afb08\" class=\"elementor-field elementor-size-sm  elementor-acceptance-field\" required=\"required\">\n\t\t\t\t<label for=\"form-field-field_65afb08\">I have read the <a href=\"https:\/\/residenz-oberhausen.de\/en\/data-protect\/\">privacy policy<\/a> and accept the terms and conditions.<\/label>\t\t\t<\/span>\n\t\t<\/div>\n\t\t\t\t\t\t<\/div>\n\t\t\t\t\t\t\t\t<div class=\"elementor-field-group elementor-column elementor-field-type-submit elementor-col-100 e-form__buttons\">\n\t\t\t\t\t<button class=\"elementor-button elementor-size-sm\" type=\"submit\">\n\t\t\t\t\t\t<span class=\"elementor-button-content-wrapper\">\n\t\t\t\t\t\t\t\t\t\t\t\t\t\t\t<span class=\"elementor-button-icon\">\n\t\t\t\t\t\t\t\t\t<i aria-hidden=\"true\" class=\"huge huge-arrow-right-02-round\"><\/i>\t\t\t\t\t\t\t\t\t\t\t\t\t\t\t\t\t<\/span>\n\t\t\t\t\t\t\t\t\t\t\t\t\t\t\t\t\t\t\t\t\t\t<span class=\"elementor-button-text\">Send<\/span>\n\t\t\t\t\t\t\t\t\t\t\t\t\t<\/span>\n\t\t\t\t\t<\/button>\n\t\t\t\t<\/div>\n\t\t\t<\/div>\n\t\t<\/form>\n\t\t\t\t\t\t<\/div>\n\t\t\t\t<\/div>\n\t\t\t\t<div class=\"elementor-element elementor-element-4ed7709 elementor-widget elementor-widget-text-editor\" data-id=\"4ed7709\" data-element_type=\"widget\" data-e-type=\"widget\" data-widget_type=\"text-editor.default\">\n\t\t\t\t<div class=\"elementor-widget-container\">\n\t\t\t\t\t\t\t\t\t<p>Note: Mandatory fields are marked. All other fields are optional. Your data will only be collected and stored electronically for the specific purpose of processing and responding to your enquiry. Information on data processing can be found here: <a href=\"https:\/\/parkhotel-oberhausen.de\/datenschutzerklaerung\/\">Data protection<\/a>.<\/p>\t\t\t\t\t\t\t\t<\/div>\n\t\t\t\t<\/div>\n\t\t\t\t<\/div>\n\t\t<div class=\"elementor-element elementor-element-3c0d3ca e-con-full e-flex e-con e-child\" data-id=\"3c0d3ca\" data-element_type=\"container\" data-e-type=\"container\">\n\t\t<div class=\"elementor-element elementor-element-4c078c7 e-con-full e-flex e-con e-child\" data-id=\"4c078c7\" data-element_type=\"container\" data-e-type=\"container\">\n\t\t\t\t<div class=\"elementor-element elementor-element-54e2904 elementor-widget elementor-widget-heading\" data-id=\"54e2904\" data-element_type=\"widget\" data-e-type=\"widget\" data-widget_type=\"heading.default\">\n\t\t\t\t<div class=\"elementor-widget-container\">\n\t\t\t\t\t<h3 class=\"elementor-heading-title elementor-size-default\">Residenz Oberhausen<\/h3>\t\t\t\t<\/div>\n\t\t\t\t<\/div>\n\t\t\t\t<div class=\"elementor-element elementor-element-9cd9f70 elementor-widget elementor-widget-text-editor\" data-id=\"9cd9f70\" data-element_type=\"widget\" data-e-type=\"widget\" data-widget_type=\"text-editor.default\">\n\t\t\t\t<div class=\"elementor-widget-container\">\n\t\t\t\t\t\t\t\t\t<p>Hermann-Albertz-Stra\u00dfe 69<br>46045 Oberhausen<\/p><p>Phone: <a href=\"tel:004920882080\">+49 (0) 208 8208 0<\/a><br>E-Mail: <a href=\"mailto:info@residenz-oberhausen.de\">info@residenz-oberhausen.de<\/a><\/p>\t\t\t\t\t\t\t\t<\/div>\n\t\t\t\t<\/div>\n\t\t\t\t<div class=\"elementor-element elementor-element-8b38dc8 e-grid-align-left elementor-shape-rounded elementor-grid-0 elementor-widget elementor-widget-social-icons\" data-id=\"8b38dc8\" data-element_type=\"widget\" data-e-type=\"widget\" data-widget_type=\"social-icons.default\">\n\t\t\t\t<div class=\"elementor-widget-container\">\n\t\t\t\t\t\t\t<div class=\"elementor-social-icons-wrapper elementor-grid\">\n\t\t\t\t\t\t\t<span class=\"elementor-grid-item\">\n\t\t\t\t\t<a class=\"elementor-icon elementor-social-icon elementor-social-icon-huge-facebook-01 elementor-animation-grow elementor-repeater-item-7827cd3\" href=\"https:\/\/www.facebook.com\/HotelResidenzOberhausen\" target=\"_blank\">\n\t\t\t\t\t\t<span class=\"elementor-screen-only\">Huge-facebook-01<\/span>\n\t\t\t\t\t\t<i aria-hidden=\"true\" class=\"huge huge-facebook-01\"><\/i>\t\t\t\t\t<\/a>\n\t\t\t\t<\/span>\n\t\t\t\t\t<\/div>\n\t\t\t\t\t\t<\/div>\n\t\t\t\t<\/div>\n\t\t\t\t<\/div>\n\t\t\t\t<\/div>\n\t\t\t\t\t<\/div>\n\t\t\t\t<\/div>\n\t\t\t\t<\/div>\n\t\t","protected":false},"excerpt":{"rendered":"<p>Contact Do you have any questions? Note: Mandatory fields are marked. All other fields are optional. Your data will only be collected and stored electronically for the specific purpose of processing and responding to your enquiry. Information on data processing can be found here: Data protection. Residenz Oberhausen Hermann-Albertz-Stra\u00dfe 6946045 Oberhausen Phone: +49 (0) 208 [&hellip;]<\/p>\n","protected":false},"author":1,"featured_media":0,"parent":0,"menu_order":0,"comment_status":"closed","ping_status":"closed","template":"","meta":{"footnotes":""},"class_list":["post-540","page","type-page","status-publish","hentry"],"yoast_head":"<!-- This site is optimized with the Yoast SEO Premium plugin v27.1 (Yoast SEO v27.1.1) - https:\/\/yoast.com\/product\/yoast-seo-premium-wordpress\/ -->\n<title>Contact | Residenz Hotel Oberhausen<\/title>\n<meta name=\"robots\" content=\"index, follow, max-snippet:-1, max-image-preview:large, max-video-preview:-1\" \/>\n<link rel=\"canonical\" href=\"https:\/\/residenz-oberhausen.de\/en\/contact\/\" \/>\n<meta property=\"og:locale\" content=\"en_US\" \/>\n<meta property=\"og:type\" content=\"article\" \/>\n<meta property=\"og:title\" content=\"Contact\" \/>\n<meta property=\"og:description\" content=\"Contact Do you have any questions? Note: Mandatory fields are marked. All other fields are optional. Your data will only be collected and stored electronically for the specific purpose of processing and responding to your enquiry. Information on data processing can be found here: Data protection. Residenz Oberhausen Hermann-Albertz-Stra\u00dfe 6946045 Oberhausen Phone: +49 (0) 208 [&hellip;]\" \/>\n<meta property=\"og:url\" content=\"https:\/\/residenz-oberhausen.de\/en\/contact\/\" \/>\n<meta property=\"og:site_name\" content=\"Residenz Hotel Oberhausen\" \/>\n<meta property=\"article:modified_time\" content=\"2026-02-26T12:41:28+00:00\" \/>\n<meta property=\"og:image\" content=\"https:\/\/residenz-oberhausen.de\/wp-content\/uploads\/Residenz-Aussenansicht-2013.jpg\" \/>\n\t<meta property=\"og:image:width\" content=\"2560\" \/>\n\t<meta property=\"og:image:height\" content=\"2052\" \/>\n\t<meta property=\"og:image:type\" content=\"image\/jpeg\" \/>\n<meta name=\"twitter:card\" content=\"summary_large_image\" \/>\n<meta name=\"twitter:label1\" content=\"Est. reading time\" \/>\n\t<meta name=\"twitter:data1\" content=\"1 minute\" \/>\n<script type=\"application\/ld+json\" class=\"yoast-schema-graph\">{\"@context\":\"https:\/\/schema.org\",\"@graph\":[{\"@type\":\"WebPage\",\"@id\":\"https:\/\/residenz-oberhausen.de\/en\/contact\/\",\"url\":\"https:\/\/residenz-oberhausen.de\/en\/contact\/\",\"name\":\"Contact | Residenz Hotel Oberhausen\",\"isPartOf\":{\"@id\":\"https:\/\/residenz-oberhausen.de\/en\/#website\"},\"datePublished\":\"2025-10-13T11:57:01+00:00\",\"dateModified\":\"2026-02-26T12:41:28+00:00\",\"breadcrumb\":{\"@id\":\"https:\/\/residenz-oberhausen.de\/en\/contact\/#breadcrumb\"},\"inLanguage\":\"en-US\",\"potentialAction\":[{\"@type\":\"ReadAction\",\"target\":[\"https:\/\/residenz-oberhausen.de\/en\/contact\/\"]}]},{\"@type\":\"BreadcrumbList\",\"@id\":\"https:\/\/residenz-oberhausen.de\/en\/contact\/#breadcrumb\",\"itemListElement\":[{\"@type\":\"ListItem\",\"position\":1,\"name\":\"Startseite\",\"item\":\"https:\/\/residenz-oberhausen.de\/en\/\"},{\"@type\":\"ListItem\",\"position\":2,\"name\":\"Contact\"}]},{\"@type\":\"WebSite\",\"@id\":\"https:\/\/residenz-oberhausen.de\/en\/#website\",\"url\":\"https:\/\/residenz-oberhausen.de\/en\/\",\"name\":\"Residenz Hotel Oberhausen\",\"description\":\"3 Sterne Superior Hotel in Oberhausen\",\"publisher\":{\"@id\":\"https:\/\/residenz-oberhausen.de\/en\/#organization\"},\"potentialAction\":[{\"@type\":\"SearchAction\",\"target\":{\"@type\":\"EntryPoint\",\"urlTemplate\":\"https:\/\/residenz-oberhausen.de\/en\/?s={search_term_string}\"},\"query-input\":{\"@type\":\"PropertyValueSpecification\",\"valueRequired\":true,\"valueName\":\"search_term_string\"}}],\"inLanguage\":\"en-US\"},{\"@type\":\"Organization\",\"@id\":\"https:\/\/residenz-oberhausen.de\/en\/#organization\",\"name\":\"Hotel Residenz Oberhausen\",\"url\":\"https:\/\/residenz-oberhausen.de\/en\/\",\"logo\":{\"@type\":\"ImageObject\",\"inLanguage\":\"en-US\",\"@id\":\"https:\/\/residenz-oberhausen.de\/en\/#\/schema\/logo\/image\/\",\"url\":\"https:\/\/residenz-oberhausen.de\/wp-content\/uploads\/logo.png\",\"contentUrl\":\"https:\/\/residenz-oberhausen.de\/wp-content\/uploads\/logo.png\",\"width\":263,\"height\":100,\"caption\":\"Hotel Residenz Oberhausen\"},\"image\":{\"@id\":\"https:\/\/residenz-oberhausen.de\/en\/#\/schema\/logo\/image\/\"},\"description\":\"3 Sterne Superior Hotel in Oberhausen mit gro\u00dfen Zimmern ab 25 qm. Ideal auch f\u00fcr Langzeitaufenthalte, da Kitchenetten im Zimmer und Appartements verf\u00fcgbar. W\u00e4schekeller mit Self wash Service, Billard, Restaurant\",\"email\":\"info@residenz-oberhausen.de\",\"telephone\":\"004920882080\"}]}<\/script>\n<!-- \/ Yoast SEO Premium plugin. -->","yoast_head_json":{"title":"Contact | Residenz Hotel Oberhausen","robots":{"index":"index","follow":"follow","max-snippet":"max-snippet:-1","max-image-preview":"max-image-preview:large","max-video-preview":"max-video-preview:-1"},"canonical":"https:\/\/residenz-oberhausen.de\/en\/contact\/","og_locale":"en_US","og_type":"article","og_title":"Contact","og_description":"Contact Do you have any questions? Note: Mandatory fields are marked. All other fields are optional. Your data will only be collected and stored electronically for the specific purpose of processing and responding to your enquiry. Information on data processing can be found here: Data protection. Residenz Oberhausen Hermann-Albertz-Stra\u00dfe 6946045 Oberhausen Phone: +49 (0) 208 [&hellip;]","og_url":"https:\/\/residenz-oberhausen.de\/en\/contact\/","og_site_name":"Residenz Hotel Oberhausen","article_modified_time":"2026-02-26T12:41:28+00:00","og_image":[{"width":2560,"height":2052,"url":"https:\/\/residenz-oberhausen.de\/wp-content\/uploads\/Residenz-Aussenansicht-2013.jpg","type":"image\/jpeg"}],"twitter_card":"summary_large_image","twitter_misc":{"Est. reading time":"1 minute"},"schema":{"@context":"https:\/\/schema.org","@graph":[{"@type":"WebPage","@id":"https:\/\/residenz-oberhausen.de\/en\/contact\/","url":"https:\/\/residenz-oberhausen.de\/en\/contact\/","name":"Contact | Residenz Hotel Oberhausen","isPartOf":{"@id":"https:\/\/residenz-oberhausen.de\/en\/#website"},"datePublished":"2025-10-13T11:57:01+00:00","dateModified":"2026-02-26T12:41:28+00:00","breadcrumb":{"@id":"https:\/\/residenz-oberhausen.de\/en\/contact\/#breadcrumb"},"inLanguage":"en-US","potentialAction":[{"@type":"ReadAction","target":["https:\/\/residenz-oberhausen.de\/en\/contact\/"]}]},{"@type":"BreadcrumbList","@id":"https:\/\/residenz-oberhausen.de\/en\/contact\/#breadcrumb","itemListElement":[{"@type":"ListItem","position":1,"name":"Startseite","item":"https:\/\/residenz-oberhausen.de\/en\/"},{"@type":"ListItem","position":2,"name":"Contact"}]},{"@type":"WebSite","@id":"https:\/\/residenz-oberhausen.de\/en\/#website","url":"https:\/\/residenz-oberhausen.de\/en\/","name":"Residenz Hotel Oberhausen","description":"3 Sterne Superior Hotel in Oberhausen","publisher":{"@id":"https:\/\/residenz-oberhausen.de\/en\/#organization"},"potentialAction":[{"@type":"SearchAction","target":{"@type":"EntryPoint","urlTemplate":"https:\/\/residenz-oberhausen.de\/en\/?s={search_term_string}"},"query-input":{"@type":"PropertyValueSpecification","valueRequired":true,"valueName":"search_term_string"}}],"inLanguage":"en-US"},{"@type":"Organization","@id":"https:\/\/residenz-oberhausen.de\/en\/#organization","name":"Hotel Residenz Oberhausen","url":"https:\/\/residenz-oberhausen.de\/en\/","logo":{"@type":"ImageObject","inLanguage":"en-US","@id":"https:\/\/residenz-oberhausen.de\/en\/#\/schema\/logo\/image\/","url":"https:\/\/residenz-oberhausen.de\/wp-content\/uploads\/logo.png","contentUrl":"https:\/\/residenz-oberhausen.de\/wp-content\/uploads\/logo.png","width":263,"height":100,"caption":"Hotel Residenz Oberhausen"},"image":{"@id":"https:\/\/residenz-oberhausen.de\/en\/#\/schema\/logo\/image\/"},"description":"3 Sterne Superior Hotel in Oberhausen mit gro\u00dfen Zimmern ab 25 qm. Ideal auch f\u00fcr Langzeitaufenthalte, da Kitchenetten im Zimmer und Appartements verf\u00fcgbar. W\u00e4schekeller mit Self wash Service, Billard, Restaurant","email":"info@residenz-oberhausen.de","telephone":"004920882080"}]}},"_links":{"self":[{"href":"https:\/\/residenz-oberhausen.de\/en\/wp-json\/wp\/v2\/pages\/540","targetHints":{"allow":["GET"]}}],"collection":[{"href":"https:\/\/residenz-oberhausen.de\/en\/wp-json\/wp\/v2\/pages"}],"about":[{"href":"https:\/\/residenz-oberhausen.de\/en\/wp-json\/wp\/v2\/types\/page"}],"author":[{"embeddable":true,"href":"https:\/\/residenz-oberhausen.de\/en\/wp-json\/wp\/v2\/users\/1"}],"replies":[{"embeddable":true,"href":"https:\/\/residenz-oberhausen.de\/en\/wp-json\/wp\/v2\/comments?post=540"}],"version-history":[{"count":8,"href":"https:\/\/residenz-oberhausen.de\/en\/wp-json\/wp\/v2\/pages\/540\/revisions"}],"predecessor-version":[{"id":959,"href":"https:\/\/residenz-oberhausen.de\/en\/wp-json\/wp\/v2\/pages\/540\/revisions\/959"}],"wp:attachment":[{"href":"https:\/\/residenz-oberhausen.de\/en\/wp-json\/wp\/v2\/media?parent=540"}],"curies":[{"name":"wp","href":"https:\/\/api.w.org\/{rel}","templated":true}]}}