{"id":507,"date":"2025-10-13T13:56:43","date_gmt":"2025-10-13T11:56:43","guid":{"rendered":"https:\/\/relaunch.residenz-oberhausen.de\/conferences\/"},"modified":"2026-02-25T14:07:12","modified_gmt":"2026-02-25T13:07:12","slug":"conferences","status":"publish","type":"page","link":"https:\/\/residenz-oberhausen.de\/en\/conferences\/","title":{"rendered":"Conferences"},"content":{"rendered":"\t\t<div data-elementor-type=\"wp-page\" data-elementor-id=\"507\" class=\"elementor elementor-507 elementor-50\" data-elementor-post-type=\"page\">\n\t\t\t\t<div class=\"elementor-element elementor-element-e7f9ef3 e-con-full e-flex e-con e-parent\" data-id=\"e7f9ef3\" data-element_type=\"container\" data-e-type=\"container\" data-settings=\"{&quot;background_background&quot;:&quot;classic&quot;}\">\n\t\t\t\t<div class=\"elementor-element elementor-element-366e947 elementor-invisible elementor-widget elementor-widget-heading\" data-id=\"366e947\" data-element_type=\"widget\" data-e-type=\"widget\" data-settings=\"{&quot;_animation&quot;:&quot;fadeInUp&quot;,&quot;_animation_delay&quot;:200}\" data-widget_type=\"heading.default\">\n\t\t\t\t<div class=\"elementor-widget-container\">\n\t\t\t\t\t<h1 class=\"elementor-heading-title elementor-size-default\">A great place to hold meetings<\/h1>\t\t\t\t<\/div>\n\t\t\t\t<\/div>\n\t\t\t\t<\/div>\n\t\t<div class=\"elementor-element elementor-element-9d5b59c e-flex e-con-boxed e-con e-parent\" data-id=\"9d5b59c\" data-element_type=\"container\" data-e-type=\"container\">\n\t\t\t\t\t<div class=\"e-con-inner\">\n\t\t<div class=\"elementor-element elementor-element-43a5cc3 e-con-full e-flex e-con e-child\" data-id=\"43a5cc3\" data-element_type=\"container\" data-e-type=\"container\">\n\t\t\t\t<div class=\"elementor-element elementor-element-fdad7a4 elementor-widget elementor-widget-heading\" data-id=\"fdad7a4\" data-element_type=\"widget\" data-e-type=\"widget\" data-widget_type=\"heading.default\">\n\t\t\t\t<div class=\"elementor-widget-container\">\n\t\t\t\t\t<h2 class=\"elementor-heading-title elementor-size-default\">Make your conference a success<\/h2>\t\t\t\t<\/div>\n\t\t\t\t<\/div>\n\t\t\t\t<div class=\"elementor-element elementor-element-7601cd9 elementor-widget elementor-widget-text-editor\" data-id=\"7601cd9\" data-element_type=\"widget\" data-e-type=\"widget\" data-widget_type=\"text-editor.default\">\n\t\t\t\t<div class=\"elementor-widget-container\">\n\t\t\t\t\t\t\t\t\t<p>Our three conference rooms with 50, 80 and 100 sqm, large windows, can be darkened and have air condition\u2026<br>\u201cAll inclusive\u201d arrangements offer space for short meetings, a workshop, conferences and festivities. <\/p>\t\t\t\t\t\t\t\t<\/div>\n\t\t\t\t<\/div>\n\t\t\t\t<\/div>\n\t\t<div class=\"elementor-element elementor-element-f1d468f e-con-full e-flex e-con e-child\" data-id=\"f1d468f\" data-element_type=\"container\" data-e-type=\"container\">\n\t\t\t\t<\/div>\n\t\t\t\t\t<\/div>\n\t\t\t\t<\/div>\n\t\t<div class=\"elementor-element elementor-element-4e2c557 e-con-full e-flex e-con e-parent\" data-id=\"4e2c557\" data-element_type=\"container\" data-e-type=\"container\">\n\t\t<div class=\"elementor-element elementor-element-c43a651 e-con-full e-flex e-con e-child\" data-id=\"c43a651\" data-element_type=\"container\" data-e-type=\"container\">\n\t\t\t\t<div class=\"elementor-element elementor-element-4bd2ff8 animated-fast elementor-invisible elementor-widget elementor-widget-image\" data-id=\"4bd2ff8\" data-element_type=\"widget\" data-e-type=\"widget\" data-settings=\"{&quot;_animation&quot;:&quot;fadeInLeft&quot;,&quot;_animation_delay&quot;:250}\" data-widget_type=\"image.default\">\n\t\t\t\t<div class=\"elementor-widget-container\">\n\t\t\t\t\t\t\t\t\t\t\t\t\t\t\t<img fetchpriority=\"high\" decoding=\"async\" width=\"1536\" height=\"864\" src=\"https:\/\/residenz-oberhausen.de\/wp-content\/uploads\/Tagungsraum-hell-1536x864.jpg\" class=\"attachment-1536x1536 size-1536x1536 wp-image-505\" alt=\"\" srcset=\"https:\/\/residenz-oberhausen.de\/wp-content\/uploads\/Tagungsraum-hell-1536x864.jpg 1536w, https:\/\/residenz-oberhausen.de\/wp-content\/uploads\/Tagungsraum-hell-300x169.jpg 300w, https:\/\/residenz-oberhausen.de\/wp-content\/uploads\/Tagungsraum-hell-1024x576.jpg 1024w, https:\/\/residenz-oberhausen.de\/wp-content\/uploads\/Tagungsraum-hell-768x432.jpg 768w, https:\/\/residenz-oberhausen.de\/wp-content\/uploads\/Tagungsraum-hell.jpg 1920w\" sizes=\"(max-width: 1536px) 100vw, 1536px\" \/>\t\t\t\t\t\t\t\t\t\t\t\t\t\t\t<\/div>\n\t\t\t\t<\/div>\n\t\t\t\t<\/div>\n\t\t<div class=\"elementor-element elementor-element-b17a7a7 e-con-full e-flex e-con e-child\" data-id=\"b17a7a7\" data-element_type=\"container\" data-e-type=\"container\">\n\t\t\t\t<div class=\"elementor-element elementor-element-2203fbb animated-fast elementor-invisible elementor-widget elementor-widget-heading\" data-id=\"2203fbb\" data-element_type=\"widget\" data-e-type=\"widget\" data-settings=\"{&quot;_animation&quot;:&quot;fadeInRight&quot;,&quot;_animation_delay&quot;:450}\" data-widget_type=\"heading.default\">\n\t\t\t\t<div class=\"elementor-widget-container\">\n\t\t\t\t\t<h3 class=\"elementor-heading-title elementor-size-default\">Our meeting rooms\n<\/h3>\t\t\t\t<\/div>\n\t\t\t\t<\/div>\n\t\t\t\t<div class=\"elementor-element elementor-element-09a44d3 animated-fast elementor-invisible elementor-widget elementor-widget-text-editor\" data-id=\"09a44d3\" data-element_type=\"widget\" data-e-type=\"widget\" data-settings=\"{&quot;_animation&quot;:&quot;fadeInRight&quot;,&quot;_animation_delay&quot;:650}\" data-widget_type=\"text-editor.default\">\n\t\t\t\t<div class=\"elementor-widget-container\">\n\t\t\t\t\t\t\t\t\t<p>Our different conference rooms offer space for five to 60 people. The rooms are functional and technically very well equipped. They provide the perfect setting for a short meeting, a workshop or a multi-day seminar.  <\/p>\t\t\t\t\t\t\t\t<\/div>\n\t\t\t\t<\/div>\n\t\t\t\t<\/div>\n\t\t\t\t<\/div>\n\t\t<div class=\"elementor-element elementor-element-817cd9a e-con-full e-flex e-con e-parent\" data-id=\"817cd9a\" data-element_type=\"container\" data-e-type=\"container\">\n\t\t<div class=\"elementor-element elementor-element-a0e1c8c e-con-full e-flex e-con e-child\" data-id=\"a0e1c8c\" data-element_type=\"container\" data-e-type=\"container\">\n\t\t\t\t<div class=\"elementor-element elementor-element-d59fabe animated-fast elementor-invisible elementor-widget elementor-widget-image\" data-id=\"d59fabe\" data-element_type=\"widget\" data-e-type=\"widget\" data-settings=\"{&quot;_animation&quot;:&quot;fadeInRight&quot;,&quot;_animation_delay&quot;:250}\" data-widget_type=\"image.default\">\n\t\t\t\t<div class=\"elementor-widget-container\">\n\t\t\t\t\t\t\t\t\t\t\t\t\t\t\t<img decoding=\"async\" width=\"600\" height=\"330\" src=\"https:\/\/residenz-oberhausen.de\/wp-content\/uploads\/Residenz-Tagungstisch-600x330-1.jpg\" class=\"attachment-1536x1536 size-1536x1536 wp-image-506\" alt=\"\" srcset=\"https:\/\/residenz-oberhausen.de\/wp-content\/uploads\/Residenz-Tagungstisch-600x330-1.jpg 600w, https:\/\/residenz-oberhausen.de\/wp-content\/uploads\/Residenz-Tagungstisch-600x330-1-300x165.jpg 300w\" sizes=\"(max-width: 600px) 100vw, 600px\" \/>\t\t\t\t\t\t\t\t\t\t\t\t\t\t\t<\/div>\n\t\t\t\t<\/div>\n\t\t\t\t<\/div>\n\t\t<div class=\"elementor-element elementor-element-553c8c4 e-con-full e-flex e-con e-child\" data-id=\"553c8c4\" data-element_type=\"container\" data-e-type=\"container\">\n\t\t\t\t<div class=\"elementor-element elementor-element-f97872f animated-fast elementor-invisible elementor-widget elementor-widget-heading\" data-id=\"f97872f\" data-element_type=\"widget\" data-e-type=\"widget\" data-settings=\"{&quot;_animation&quot;:&quot;fadeInLeft&quot;,&quot;_animation_delay&quot;:450}\" data-widget_type=\"heading.default\">\n\t\t\t\t<div class=\"elementor-widget-container\">\n\t\t\t\t\t<h3 class=\"elementor-heading-title elementor-size-default\">Our meeting arrangements\n<\/h3>\t\t\t\t<\/div>\n\t\t\t\t<\/div>\n\t\t\t\t<div class=\"elementor-element elementor-element-49f60dc animated-fast elementor-invisible elementor-widget elementor-widget-text-editor\" data-id=\"49f60dc\" data-element_type=\"widget\" data-e-type=\"widget\" data-settings=\"{&quot;_animation&quot;:&quot;fadeInLeft&quot;,&quot;_animation_delay&quot;:650}\" data-widget_type=\"text-editor.default\">\n\t\t\t\t<div class=\"elementor-widget-container\">\n\t\t\t\t\t\t\t\t\t<p>We offer ready meeting arrangements for you, which we have given special consideration helped by many years of experience in the organization of seminars. If you would like to change or expand the scope of a meeting arrangement, we will gladly provide you a customized offer. <\/p>\t\t\t\t\t\t\t\t<\/div>\n\t\t\t\t<\/div>\n\t\t\t\t<\/div>\n\t\t\t\t<\/div>\n\t\t<div class=\"elementor-element elementor-element-61ba5f1 e-flex e-con-boxed e-con e-parent\" data-id=\"61ba5f1\" data-element_type=\"container\" data-e-type=\"container\" data-settings=\"{&quot;background_background&quot;:&quot;classic&quot;}\">\n\t\t\t\t\t<div class=\"e-con-inner\">\n\t\t<div class=\"elementor-element elementor-element-54633c5 e-con-full e-flex e-con e-child\" data-id=\"54633c5\" data-element_type=\"container\" data-e-type=\"container\">\n\t\t\t\t<div class=\"elementor-element elementor-element-b0bb830 elementor-widget elementor-widget-heading\" data-id=\"b0bb830\" data-element_type=\"widget\" data-e-type=\"widget\" data-widget_type=\"heading.default\">\n\t\t\t\t<div class=\"elementor-widget-container\">\n\t\t\t\t\t<h2 class=\"elementor-heading-title elementor-size-default\">Our Conference guide\n<\/h2>\t\t\t\t<\/div>\n\t\t\t\t<\/div>\n\t\t\t\t<div class=\"elementor-element elementor-element-7fd01b3 elementor-widget elementor-widget-text-editor\" data-id=\"7fd01b3\" data-element_type=\"widget\" data-e-type=\"widget\" data-widget_type=\"text-editor.default\">\n\t\t\t\t<div class=\"elementor-widget-container\">\n\t\t\t\t\t\t\t\t\t<p>With all information, you can download here:<\/p><p>We would be happy to make your conference a success! <a href=\"https:\/\/parkhotel-oberhausen.de\/kontakt\/\">Give us a call or send<\/a> <a href=\"https:\/\/parkhotel-oberhausen.de\/kontakt\/\">us an email<\/a>, we will be happy to assist you with advice and support!<\/p>\t\t\t\t\t\t\t\t<\/div>\n\t\t\t\t<\/div>\n\t\t\t\t<div class=\"elementor-element elementor-element-25f5f5d elementor-widget elementor-widget-button\" data-id=\"25f5f5d\" data-element_type=\"widget\" data-e-type=\"widget\" data-widget_type=\"button.default\">\n\t\t\t\t<div class=\"elementor-widget-container\">\n\t\t\t\t\t\t\t\t\t<div class=\"elementor-button-wrapper\">\n\t\t\t\t\t<a class=\"elementor-button elementor-button-link elementor-size-sm\" href=\"https:\/\/residenz-oberhausen.de\/wp-content\/uploads\/Tagungsmappe-Hotel-Residenz-2024.pdf\" target=\"_blank\">\n\t\t\t\t\t\t<span class=\"elementor-button-content-wrapper\">\n\t\t\t\t\t\t<span class=\"elementor-button-icon\">\n\t\t\t\t<i aria-hidden=\"true\" class=\"huge huge-arrow-right-02-round\"><\/i>\t\t\t<\/span>\n\t\t\t\t\t\t\t\t\t<span class=\"elementor-button-text\">Our conference brochure<\/span>\n\t\t\t\t\t<\/span>\n\t\t\t\t\t<\/a>\n\t\t\t\t<\/div>\n\t\t\t\t\t\t\t\t<\/div>\n\t\t\t\t<\/div>\n\t\t\t\t<\/div>\n\t\t<div class=\"elementor-element elementor-element-df19df0 e-con-full e-flex e-con e-child\" data-id=\"df19df0\" data-element_type=\"container\" data-e-type=\"container\">\n\t\t\t\t<\/div>\n\t\t\t\t\t<\/div>\n\t\t\t\t<\/div>\n\t\t\t\t<\/div>\n\t\t","protected":false},"excerpt":{"rendered":"<p>A great place to hold meetings Make your conference a success Our three conference rooms with 50, 80 and 100 sqm, large windows, can be darkened and have air condition\u2026\u201cAll inclusive\u201d arrangements offer space for short meetings, a workshop, conferences and festivities. Our meeting rooms Our different conference rooms offer space for five to 60 [&hellip;]<\/p>\n","protected":false},"author":1,"featured_media":0,"parent":0,"menu_order":0,"comment_status":"closed","ping_status":"closed","template":"","meta":{"footnotes":""},"class_list":["post-507","page","type-page","status-publish","hentry"],"yoast_head":"<!-- This site is optimized with the Yoast SEO Premium plugin v27.1 (Yoast SEO v27.1.1) - https:\/\/yoast.com\/product\/yoast-seo-premium-wordpress\/ -->\n<title>Conference and events | Residenz Hotel Oberhausen<\/title>\n<meta name=\"description\" content=\"Organizing conferences and events at the Hotel Residenz Oberhausen: flexible rooms and tailor-made offers for your needs.\" \/>\n<meta name=\"robots\" content=\"index, follow, max-snippet:-1, max-image-preview:large, max-video-preview:-1\" \/>\n<link rel=\"canonical\" href=\"https:\/\/residenz-oberhausen.de\/en\/conferences\/\" \/>\n<meta property=\"og:locale\" content=\"en_US\" \/>\n<meta property=\"og:type\" content=\"article\" \/>\n<meta property=\"og:title\" content=\"Conferences\" \/>\n<meta property=\"og:description\" content=\"Organizing conferences and events at the Hotel Residenz Oberhausen: flexible rooms and tailor-made offers for your needs.\" \/>\n<meta property=\"og:url\" content=\"https:\/\/residenz-oberhausen.de\/en\/conferences\/\" \/>\n<meta property=\"og:site_name\" content=\"Residenz Hotel Oberhausen\" \/>\n<meta property=\"article:modified_time\" content=\"2026-02-25T13:07:12+00:00\" \/>\n<meta property=\"og:image\" content=\"https:\/\/residenz-oberhausen.de\/wp-content\/uploads\/Tagungsraum-hell.jpg\" \/>\n\t<meta property=\"og:image:width\" content=\"1920\" \/>\n\t<meta property=\"og:image:height\" content=\"1080\" \/>\n\t<meta property=\"og:image:type\" content=\"image\/jpeg\" \/>\n<meta name=\"twitter:card\" content=\"summary_large_image\" \/>\n<meta name=\"twitter:label1\" content=\"Est. reading time\" \/>\n\t<meta name=\"twitter:data1\" content=\"1 minute\" \/>\n<script type=\"application\/ld+json\" class=\"yoast-schema-graph\">{\"@context\":\"https:\/\/schema.org\",\"@graph\":[{\"@type\":\"WebPage\",\"@id\":\"https:\/\/residenz-oberhausen.de\/en\/conferences\/\",\"url\":\"https:\/\/residenz-oberhausen.de\/en\/conferences\/\",\"name\":\"Conference and events | Residenz Hotel Oberhausen\",\"isPartOf\":{\"@id\":\"https:\/\/residenz-oberhausen.de\/en\/#website\"},\"primaryImageOfPage\":{\"@id\":\"https:\/\/residenz-oberhausen.de\/en\/conferences\/#primaryimage\"},\"image\":{\"@id\":\"https:\/\/residenz-oberhausen.de\/en\/conferences\/#primaryimage\"},\"thumbnailUrl\":\"https:\/\/residenz-oberhausen.de\/wp-content\/uploads\/Tagungsraum-hell-1536x864.jpg\",\"datePublished\":\"2025-10-13T11:56:43+00:00\",\"dateModified\":\"2026-02-25T13:07:12+00:00\",\"description\":\"Organizing conferences and events at the Hotel Residenz Oberhausen: flexible rooms and tailor-made offers for your needs.\",\"breadcrumb\":{\"@id\":\"https:\/\/residenz-oberhausen.de\/en\/conferences\/#breadcrumb\"},\"inLanguage\":\"en-US\",\"potentialAction\":[{\"@type\":\"ReadAction\",\"target\":[\"https:\/\/residenz-oberhausen.de\/en\/conferences\/\"]}]},{\"@type\":\"ImageObject\",\"inLanguage\":\"en-US\",\"@id\":\"https:\/\/residenz-oberhausen.de\/en\/conferences\/#primaryimage\",\"url\":\"https:\/\/residenz-oberhausen.de\/wp-content\/uploads\/Tagungsraum-hell-1536x864.jpg\",\"contentUrl\":\"https:\/\/residenz-oberhausen.de\/wp-content\/uploads\/Tagungsraum-hell-1536x864.jpg\"},{\"@type\":\"BreadcrumbList\",\"@id\":\"https:\/\/residenz-oberhausen.de\/en\/conferences\/#breadcrumb\",\"itemListElement\":[{\"@type\":\"ListItem\",\"position\":1,\"name\":\"Startseite\",\"item\":\"https:\/\/residenz-oberhausen.de\/en\/\"},{\"@type\":\"ListItem\",\"position\":2,\"name\":\"Conferences\"}]},{\"@type\":\"WebSite\",\"@id\":\"https:\/\/residenz-oberhausen.de\/en\/#website\",\"url\":\"https:\/\/residenz-oberhausen.de\/en\/\",\"name\":\"Residenz Hotel Oberhausen\",\"description\":\"3 Sterne Superior Hotel in Oberhausen\",\"publisher\":{\"@id\":\"https:\/\/residenz-oberhausen.de\/en\/#organization\"},\"potentialAction\":[{\"@type\":\"SearchAction\",\"target\":{\"@type\":\"EntryPoint\",\"urlTemplate\":\"https:\/\/residenz-oberhausen.de\/en\/?s={search_term_string}\"},\"query-input\":{\"@type\":\"PropertyValueSpecification\",\"valueRequired\":true,\"valueName\":\"search_term_string\"}}],\"inLanguage\":\"en-US\"},{\"@type\":\"Organization\",\"@id\":\"https:\/\/residenz-oberhausen.de\/en\/#organization\",\"name\":\"Hotel Residenz Oberhausen\",\"url\":\"https:\/\/residenz-oberhausen.de\/en\/\",\"logo\":{\"@type\":\"ImageObject\",\"inLanguage\":\"en-US\",\"@id\":\"https:\/\/residenz-oberhausen.de\/en\/#\/schema\/logo\/image\/\",\"url\":\"https:\/\/residenz-oberhausen.de\/wp-content\/uploads\/logo.png\",\"contentUrl\":\"https:\/\/residenz-oberhausen.de\/wp-content\/uploads\/logo.png\",\"width\":263,\"height\":100,\"caption\":\"Hotel Residenz Oberhausen\"},\"image\":{\"@id\":\"https:\/\/residenz-oberhausen.de\/en\/#\/schema\/logo\/image\/\"},\"description\":\"3 Sterne Superior Hotel in Oberhausen mit gro\u00dfen Zimmern ab 25 qm. Ideal auch f\u00fcr Langzeitaufenthalte, da Kitchenetten im Zimmer und Appartements verf\u00fcgbar. W\u00e4schekeller mit Self wash Service, Billard, Restaurant\",\"email\":\"info@residenz-oberhausen.de\",\"telephone\":\"004920882080\"}]}<\/script>\n<!-- \/ Yoast SEO Premium plugin. -->","yoast_head_json":{"title":"Conference and events | Residenz Hotel Oberhausen","description":"Organizing conferences and events at the Hotel Residenz Oberhausen: flexible rooms and tailor-made offers for your needs.","robots":{"index":"index","follow":"follow","max-snippet":"max-snippet:-1","max-image-preview":"max-image-preview:large","max-video-preview":"max-video-preview:-1"},"canonical":"https:\/\/residenz-oberhausen.de\/en\/conferences\/","og_locale":"en_US","og_type":"article","og_title":"Conferences","og_description":"Organizing conferences and events at the Hotel Residenz Oberhausen: flexible rooms and tailor-made offers for your needs.","og_url":"https:\/\/residenz-oberhausen.de\/en\/conferences\/","og_site_name":"Residenz Hotel Oberhausen","article_modified_time":"2026-02-25T13:07:12+00:00","og_image":[{"width":1920,"height":1080,"url":"https:\/\/residenz-oberhausen.de\/wp-content\/uploads\/Tagungsraum-hell.jpg","type":"image\/jpeg"}],"twitter_card":"summary_large_image","twitter_misc":{"Est. reading time":"1 minute"},"schema":{"@context":"https:\/\/schema.org","@graph":[{"@type":"WebPage","@id":"https:\/\/residenz-oberhausen.de\/en\/conferences\/","url":"https:\/\/residenz-oberhausen.de\/en\/conferences\/","name":"Conference and events | Residenz Hotel Oberhausen","isPartOf":{"@id":"https:\/\/residenz-oberhausen.de\/en\/#website"},"primaryImageOfPage":{"@id":"https:\/\/residenz-oberhausen.de\/en\/conferences\/#primaryimage"},"image":{"@id":"https:\/\/residenz-oberhausen.de\/en\/conferences\/#primaryimage"},"thumbnailUrl":"https:\/\/residenz-oberhausen.de\/wp-content\/uploads\/Tagungsraum-hell-1536x864.jpg","datePublished":"2025-10-13T11:56:43+00:00","dateModified":"2026-02-25T13:07:12+00:00","description":"Organizing conferences and events at the Hotel Residenz Oberhausen: flexible rooms and tailor-made offers for your needs.","breadcrumb":{"@id":"https:\/\/residenz-oberhausen.de\/en\/conferences\/#breadcrumb"},"inLanguage":"en-US","potentialAction":[{"@type":"ReadAction","target":["https:\/\/residenz-oberhausen.de\/en\/conferences\/"]}]},{"@type":"ImageObject","inLanguage":"en-US","@id":"https:\/\/residenz-oberhausen.de\/en\/conferences\/#primaryimage","url":"https:\/\/residenz-oberhausen.de\/wp-content\/uploads\/Tagungsraum-hell-1536x864.jpg","contentUrl":"https:\/\/residenz-oberhausen.de\/wp-content\/uploads\/Tagungsraum-hell-1536x864.jpg"},{"@type":"BreadcrumbList","@id":"https:\/\/residenz-oberhausen.de\/en\/conferences\/#breadcrumb","itemListElement":[{"@type":"ListItem","position":1,"name":"Startseite","item":"https:\/\/residenz-oberhausen.de\/en\/"},{"@type":"ListItem","position":2,"name":"Conferences"}]},{"@type":"WebSite","@id":"https:\/\/residenz-oberhausen.de\/en\/#website","url":"https:\/\/residenz-oberhausen.de\/en\/","name":"Residenz Hotel Oberhausen","description":"3 Sterne Superior Hotel in Oberhausen","publisher":{"@id":"https:\/\/residenz-oberhausen.de\/en\/#organization"},"potentialAction":[{"@type":"SearchAction","target":{"@type":"EntryPoint","urlTemplate":"https:\/\/residenz-oberhausen.de\/en\/?s={search_term_string}"},"query-input":{"@type":"PropertyValueSpecification","valueRequired":true,"valueName":"search_term_string"}}],"inLanguage":"en-US"},{"@type":"Organization","@id":"https:\/\/residenz-oberhausen.de\/en\/#organization","name":"Hotel Residenz Oberhausen","url":"https:\/\/residenz-oberhausen.de\/en\/","logo":{"@type":"ImageObject","inLanguage":"en-US","@id":"https:\/\/residenz-oberhausen.de\/en\/#\/schema\/logo\/image\/","url":"https:\/\/residenz-oberhausen.de\/wp-content\/uploads\/logo.png","contentUrl":"https:\/\/residenz-oberhausen.de\/wp-content\/uploads\/logo.png","width":263,"height":100,"caption":"Hotel Residenz Oberhausen"},"image":{"@id":"https:\/\/residenz-oberhausen.de\/en\/#\/schema\/logo\/image\/"},"description":"3 Sterne Superior Hotel in Oberhausen mit gro\u00dfen Zimmern ab 25 qm. Ideal auch f\u00fcr Langzeitaufenthalte, da Kitchenetten im Zimmer und Appartements verf\u00fcgbar. W\u00e4schekeller mit Self wash Service, Billard, Restaurant","email":"info@residenz-oberhausen.de","telephone":"004920882080"}]}},"_links":{"self":[{"href":"https:\/\/residenz-oberhausen.de\/en\/wp-json\/wp\/v2\/pages\/507","targetHints":{"allow":["GET"]}}],"collection":[{"href":"https:\/\/residenz-oberhausen.de\/en\/wp-json\/wp\/v2\/pages"}],"about":[{"href":"https:\/\/residenz-oberhausen.de\/en\/wp-json\/wp\/v2\/types\/page"}],"author":[{"embeddable":true,"href":"https:\/\/residenz-oberhausen.de\/en\/wp-json\/wp\/v2\/users\/1"}],"replies":[{"embeddable":true,"href":"https:\/\/residenz-oberhausen.de\/en\/wp-json\/wp\/v2\/comments?post=507"}],"version-history":[{"count":3,"href":"https:\/\/residenz-oberhausen.de\/en\/wp-json\/wp\/v2\/pages\/507\/revisions"}],"predecessor-version":[{"id":947,"href":"https:\/\/residenz-oberhausen.de\/en\/wp-json\/wp\/v2\/pages\/507\/revisions\/947"}],"wp:attachment":[{"href":"https:\/\/residenz-oberhausen.de\/en\/wp-json\/wp\/v2\/media?parent=507"}],"curies":[{"name":"wp","href":"https:\/\/api.w.org\/{rel}","templated":true}]}}