{"id":494,"date":"2025-01-14T12:38:28","date_gmt":"2025-01-14T11:38:28","guid":{"rendered":"https:\/\/relaunch.residenz-oberhausen.de\/imprint\/"},"modified":"2026-02-25T13:58:25","modified_gmt":"2026-02-25T12:58:25","slug":"imprint","status":"publish","type":"page","link":"https:\/\/residenz-oberhausen.de\/en\/imprint\/","title":{"rendered":"Imprint"},"content":{"rendered":"\t\t<div data-elementor-type=\"wp-page\" data-elementor-id=\"494\" class=\"elementor elementor-494 elementor-9\" data-elementor-post-type=\"page\">\n\t\t\t\t<div class=\"elementor-element elementor-element-facc435 e-con-full e-flex e-con e-parent\" data-id=\"facc435\" data-element_type=\"container\" data-e-type=\"container\" data-settings=\"{&quot;background_background&quot;:&quot;classic&quot;}\">\n\t\t\t\t<div class=\"elementor-element elementor-element-1b53cbd elementor-invisible elementor-widget elementor-widget-heading\" data-id=\"1b53cbd\" data-element_type=\"widget\" data-e-type=\"widget\" data-settings=\"{&quot;_animation&quot;:&quot;fadeInUp&quot;,&quot;_animation_delay&quot;:200}\" data-widget_type=\"heading.default\">\n\t\t\t\t<div class=\"elementor-widget-container\">\n\t\t\t\t\t<h1 class=\"elementor-heading-title elementor-size-default\">Imprint<\/h1>\t\t\t\t<\/div>\n\t\t\t\t<\/div>\n\t\t\t\t<\/div>\n\t\t<div class=\"elementor-element elementor-element-78dbd3d e-flex e-con-boxed e-con e-parent\" data-id=\"78dbd3d\" data-element_type=\"container\" data-e-type=\"container\">\n\t\t\t\t\t<div class=\"e-con-inner\">\n\t\t\t\t<div class=\"elementor-element elementor-element-58ef6f5 elementor-widget elementor-widget-text-editor\" data-id=\"58ef6f5\" data-element_type=\"widget\" data-e-type=\"widget\" data-widget_type=\"text-editor.default\">\n\t\t\t\t<div class=\"elementor-widget-container\">\n\t\t\t\t\t\t\t\t\t<p>Hotel Residenz Oberhausen<br>Hermann-Albertz-Stra\u00dfe 69<br>46045 Oberhausen<\/p><p>Phone: +49 208 8208-0<br>Telefax: +49 208 8208-150<br>E-mail: info@residenz-oberhausen.de<\/p><h2>Operating company<\/h2><p>Hotel Residenz Oberhausen<br>Hermann-Albertz-Stra\u00dfe 69<br>46045 Oberhausen<\/p><p>Represented by:<br>Herr Paul Bruckschlegel info@residenz-oberhausen.de<\/p><p>Phone: +49 208 8208-0<br>Telefax: +49 208 8208-150<\/p><p>Account details at Stadtsparkasse Oberhausen:<br>IBAN: DE53 3655 0000 0100 0856 46<br>Swift BIC: WELADED 1 OBH<br>Tax number: 124\/5015\/4491<\/p><p>Responsible for content in accordance with \u00a76 MDStV:<br>Ms Janine Wolf info@residenz-oberhausen.de<\/p><h2>VAT ID<\/h2><p>Sales tax identification number according to Sect. 27 a of the Sales Tax Law:<br>DE366 159 018<\/p><h2>Dispute resolution proceedings in front of a consumer arbitration board<\/h2><p>We are not willing or obliged to participate in dispute resolution proceedings in front of a consumer arbitration board.<\/p>\t\t\t\t\t\t\t\t<\/div>\n\t\t\t\t<\/div>\n\t\t\t\t\t<\/div>\n\t\t\t\t<\/div>\n\t\t\t\t<\/div>\n\t\t","protected":false},"excerpt":{"rendered":"<p>Imprint Hotel Residenz OberhausenHermann-Albertz-Stra\u00dfe 6946045 Oberhausen Phone: +49 208 8208-0Telefax: +49 208 8208-150E-mail: info@residenz-oberhausen.de Operating company Hotel Residenz OberhausenHermann-Albertz-Stra\u00dfe 6946045 Oberhausen Represented by:Herr Paul Bruckschlegel info@residenz-oberhausen.de Phone: +49 208 8208-0Telefax: +49 208 8208-150 Account details at Stadtsparkasse Oberhausen:IBAN: DE53 3655 0000 0100 0856 46Swift BIC: WELADED 1 OBHTax number: 124\/5015\/4491 Responsible for content in accordance [&hellip;]<\/p>\n","protected":false},"author":1,"featured_media":0,"parent":0,"menu_order":0,"comment_status":"closed","ping_status":"closed","template":"","meta":{"footnotes":""},"class_list":["post-494","page","type-page","status-publish","hentry"],"yoast_head":"<!-- This site is optimized with the Yoast SEO Premium plugin v27.1 (Yoast SEO v27.1.1) - https:\/\/yoast.com\/product\/yoast-seo-premium-wordpress\/ -->\n<title>Imprint | Residenz Hotel Oberhausen<\/title>\n<meta name=\"description\" content=\"Learn more about the imprint Hotel Residenz Oberhausen. Contact information and legal notices are available here.\" \/>\n<meta name=\"robots\" content=\"index, follow, max-snippet:-1, max-image-preview:large, max-video-preview:-1\" \/>\n<link rel=\"canonical\" href=\"https:\/\/residenz-oberhausen.de\/en\/imprint\/\" \/>\n<meta property=\"og:locale\" content=\"en_US\" \/>\n<meta property=\"og:type\" content=\"article\" \/>\n<meta property=\"og:title\" content=\"Imprint\" \/>\n<meta property=\"og:description\" content=\"Learn more about the imprint Hotel Residenz Oberhausen. Contact information and legal notices are available here.\" \/>\n<meta property=\"og:url\" content=\"https:\/\/residenz-oberhausen.de\/en\/imprint\/\" \/>\n<meta property=\"og:site_name\" content=\"Residenz Hotel Oberhausen\" \/>\n<meta property=\"article:modified_time\" content=\"2026-02-25T12:58:25+00:00\" \/>\n<meta property=\"og:image\" content=\"https:\/\/residenz-oberhausen.de\/wp-content\/uploads\/Residenz-Aussenansicht-2013.jpg\" \/>\n\t<meta property=\"og:image:width\" content=\"2560\" \/>\n\t<meta property=\"og:image:height\" content=\"2052\" \/>\n\t<meta property=\"og:image:type\" content=\"image\/jpeg\" \/>\n<meta name=\"twitter:card\" content=\"summary_large_image\" \/>\n<script type=\"application\/ld+json\" class=\"yoast-schema-graph\">{\"@context\":\"https:\/\/schema.org\",\"@graph\":[{\"@type\":\"WebPage\",\"@id\":\"https:\/\/residenz-oberhausen.de\/en\/imprint\/\",\"url\":\"https:\/\/residenz-oberhausen.de\/en\/imprint\/\",\"name\":\"Imprint | Residenz Hotel Oberhausen\",\"isPartOf\":{\"@id\":\"https:\/\/residenz-oberhausen.de\/en\/#website\"},\"datePublished\":\"2025-01-14T11:38:28+00:00\",\"dateModified\":\"2026-02-25T12:58:25+00:00\",\"description\":\"Learn more about the imprint Hotel Residenz Oberhausen. Contact information and legal notices are available here.\",\"breadcrumb\":{\"@id\":\"https:\/\/residenz-oberhausen.de\/en\/imprint\/#breadcrumb\"},\"inLanguage\":\"en-US\",\"potentialAction\":[{\"@type\":\"ReadAction\",\"target\":[\"https:\/\/residenz-oberhausen.de\/en\/imprint\/\"]}]},{\"@type\":\"BreadcrumbList\",\"@id\":\"https:\/\/residenz-oberhausen.de\/en\/imprint\/#breadcrumb\",\"itemListElement\":[{\"@type\":\"ListItem\",\"position\":1,\"name\":\"Startseite\",\"item\":\"https:\/\/residenz-oberhausen.de\/en\/\"},{\"@type\":\"ListItem\",\"position\":2,\"name\":\"Imprint\"}]},{\"@type\":\"WebSite\",\"@id\":\"https:\/\/residenz-oberhausen.de\/en\/#website\",\"url\":\"https:\/\/residenz-oberhausen.de\/en\/\",\"name\":\"Residenz Hotel Oberhausen\",\"description\":\"3 Sterne Superior Hotel in Oberhausen\",\"publisher\":{\"@id\":\"https:\/\/residenz-oberhausen.de\/en\/#organization\"},\"potentialAction\":[{\"@type\":\"SearchAction\",\"target\":{\"@type\":\"EntryPoint\",\"urlTemplate\":\"https:\/\/residenz-oberhausen.de\/en\/?s={search_term_string}\"},\"query-input\":{\"@type\":\"PropertyValueSpecification\",\"valueRequired\":true,\"valueName\":\"search_term_string\"}}],\"inLanguage\":\"en-US\"},{\"@type\":\"Organization\",\"@id\":\"https:\/\/residenz-oberhausen.de\/en\/#organization\",\"name\":\"Hotel Residenz Oberhausen\",\"url\":\"https:\/\/residenz-oberhausen.de\/en\/\",\"logo\":{\"@type\":\"ImageObject\",\"inLanguage\":\"en-US\",\"@id\":\"https:\/\/residenz-oberhausen.de\/en\/#\/schema\/logo\/image\/\",\"url\":\"https:\/\/residenz-oberhausen.de\/wp-content\/uploads\/logo.png\",\"contentUrl\":\"https:\/\/residenz-oberhausen.de\/wp-content\/uploads\/logo.png\",\"width\":263,\"height\":100,\"caption\":\"Hotel Residenz Oberhausen\"},\"image\":{\"@id\":\"https:\/\/residenz-oberhausen.de\/en\/#\/schema\/logo\/image\/\"},\"description\":\"3 Sterne Superior Hotel in Oberhausen mit gro\u00dfen Zimmern ab 25 qm. Ideal auch f\u00fcr Langzeitaufenthalte, da Kitchenetten im Zimmer und Appartements verf\u00fcgbar. W\u00e4schekeller mit Self wash Service, Billard, Restaurant\",\"email\":\"info@residenz-oberhausen.de\",\"telephone\":\"004920882080\"}]}<\/script>\n<!-- \/ Yoast SEO Premium plugin. -->","yoast_head_json":{"title":"Imprint | Residenz Hotel Oberhausen","description":"Learn more about the imprint Hotel Residenz Oberhausen. Contact information and legal notices are available here.","robots":{"index":"index","follow":"follow","max-snippet":"max-snippet:-1","max-image-preview":"max-image-preview:large","max-video-preview":"max-video-preview:-1"},"canonical":"https:\/\/residenz-oberhausen.de\/en\/imprint\/","og_locale":"en_US","og_type":"article","og_title":"Imprint","og_description":"Learn more about the imprint Hotel Residenz Oberhausen. Contact information and legal notices are available here.","og_url":"https:\/\/residenz-oberhausen.de\/en\/imprint\/","og_site_name":"Residenz Hotel Oberhausen","article_modified_time":"2026-02-25T12:58:25+00:00","og_image":[{"width":2560,"height":2052,"url":"https:\/\/residenz-oberhausen.de\/wp-content\/uploads\/Residenz-Aussenansicht-2013.jpg","type":"image\/jpeg"}],"twitter_card":"summary_large_image","schema":{"@context":"https:\/\/schema.org","@graph":[{"@type":"WebPage","@id":"https:\/\/residenz-oberhausen.de\/en\/imprint\/","url":"https:\/\/residenz-oberhausen.de\/en\/imprint\/","name":"Imprint | Residenz Hotel Oberhausen","isPartOf":{"@id":"https:\/\/residenz-oberhausen.de\/en\/#website"},"datePublished":"2025-01-14T11:38:28+00:00","dateModified":"2026-02-25T12:58:25+00:00","description":"Learn more about the imprint Hotel Residenz Oberhausen. Contact information and legal notices are available here.","breadcrumb":{"@id":"https:\/\/residenz-oberhausen.de\/en\/imprint\/#breadcrumb"},"inLanguage":"en-US","potentialAction":[{"@type":"ReadAction","target":["https:\/\/residenz-oberhausen.de\/en\/imprint\/"]}]},{"@type":"BreadcrumbList","@id":"https:\/\/residenz-oberhausen.de\/en\/imprint\/#breadcrumb","itemListElement":[{"@type":"ListItem","position":1,"name":"Startseite","item":"https:\/\/residenz-oberhausen.de\/en\/"},{"@type":"ListItem","position":2,"name":"Imprint"}]},{"@type":"WebSite","@id":"https:\/\/residenz-oberhausen.de\/en\/#website","url":"https:\/\/residenz-oberhausen.de\/en\/","name":"Residenz Hotel Oberhausen","description":"3 Sterne Superior Hotel in Oberhausen","publisher":{"@id":"https:\/\/residenz-oberhausen.de\/en\/#organization"},"potentialAction":[{"@type":"SearchAction","target":{"@type":"EntryPoint","urlTemplate":"https:\/\/residenz-oberhausen.de\/en\/?s={search_term_string}"},"query-input":{"@type":"PropertyValueSpecification","valueRequired":true,"valueName":"search_term_string"}}],"inLanguage":"en-US"},{"@type":"Organization","@id":"https:\/\/residenz-oberhausen.de\/en\/#organization","name":"Hotel Residenz Oberhausen","url":"https:\/\/residenz-oberhausen.de\/en\/","logo":{"@type":"ImageObject","inLanguage":"en-US","@id":"https:\/\/residenz-oberhausen.de\/en\/#\/schema\/logo\/image\/","url":"https:\/\/residenz-oberhausen.de\/wp-content\/uploads\/logo.png","contentUrl":"https:\/\/residenz-oberhausen.de\/wp-content\/uploads\/logo.png","width":263,"height":100,"caption":"Hotel Residenz Oberhausen"},"image":{"@id":"https:\/\/residenz-oberhausen.de\/en\/#\/schema\/logo\/image\/"},"description":"3 Sterne Superior Hotel in Oberhausen mit gro\u00dfen Zimmern ab 25 qm. Ideal auch f\u00fcr Langzeitaufenthalte, da Kitchenetten im Zimmer und Appartements verf\u00fcgbar. W\u00e4schekeller mit Self wash Service, Billard, Restaurant","email":"info@residenz-oberhausen.de","telephone":"004920882080"}]}},"_links":{"self":[{"href":"https:\/\/residenz-oberhausen.de\/en\/wp-json\/wp\/v2\/pages\/494","targetHints":{"allow":["GET"]}}],"collection":[{"href":"https:\/\/residenz-oberhausen.de\/en\/wp-json\/wp\/v2\/pages"}],"about":[{"href":"https:\/\/residenz-oberhausen.de\/en\/wp-json\/wp\/v2\/types\/page"}],"author":[{"embeddable":true,"href":"https:\/\/residenz-oberhausen.de\/en\/wp-json\/wp\/v2\/users\/1"}],"replies":[{"embeddable":true,"href":"https:\/\/residenz-oberhausen.de\/en\/wp-json\/wp\/v2\/comments?post=494"}],"version-history":[{"count":3,"href":"https:\/\/residenz-oberhausen.de\/en\/wp-json\/wp\/v2\/pages\/494\/revisions"}],"predecessor-version":[{"id":932,"href":"https:\/\/residenz-oberhausen.de\/en\/wp-json\/wp\/v2\/pages\/494\/revisions\/932"}],"wp:attachment":[{"href":"https:\/\/residenz-oberhausen.de\/en\/wp-json\/wp\/v2\/media?parent=494"}],"curies":[{"name":"wp","href":"https:\/\/api.w.org\/{rel}","templated":true}]}}