{"id":490,"date":"2025-10-13T13:57:20","date_gmt":"2025-10-13T11:57:20","guid":{"rendered":"https:\/\/relaunch.residenz-oberhausen.de\/terms-and-conditions\/"},"modified":"2026-02-26T13:47:31","modified_gmt":"2026-02-26T12:47:31","slug":"terms-and-conditions","status":"publish","type":"page","link":"https:\/\/residenz-oberhausen.de\/en\/terms-and-conditions\/","title":{"rendered":"Terms and conditions"},"content":{"rendered":"\t\t<div data-elementor-type=\"wp-page\" data-elementor-id=\"490\" class=\"elementor elementor-490 elementor-56\" data-elementor-post-type=\"page\">\n\t\t\t\t<div class=\"elementor-element elementor-element-6c54f2f e-con-full e-flex e-con e-parent\" data-id=\"6c54f2f\" data-element_type=\"container\" data-e-type=\"container\" data-settings=\"{&quot;background_background&quot;:&quot;classic&quot;}\">\n\t\t\t\t<div class=\"elementor-element elementor-element-9cebbf8 elementor-invisible elementor-widget elementor-widget-heading\" data-id=\"9cebbf8\" data-element_type=\"widget\" data-e-type=\"widget\" data-settings=\"{&quot;_animation&quot;:&quot;fadeInUp&quot;,&quot;_animation_delay&quot;:200}\" data-widget_type=\"heading.default\">\n\t\t\t\t<div class=\"elementor-widget-container\">\n\t\t\t\t\t<h1 class=\"elementor-heading-title elementor-size-default\">Terms and conditions<\/h1>\t\t\t\t<\/div>\n\t\t\t\t<\/div>\n\t\t\t\t<\/div>\n\t\t<div class=\"elementor-element elementor-element-7a4e1ef e-flex e-con-boxed e-con e-parent\" data-id=\"7a4e1ef\" data-element_type=\"container\" data-e-type=\"container\">\n\t\t\t\t\t<div class=\"e-con-inner\">\n\t\t\t\t<div class=\"elementor-element elementor-element-196c85f elementor-widget elementor-widget-text-editor\" data-id=\"196c85f\" data-element_type=\"widget\" data-e-type=\"widget\" data-widget_type=\"text-editor.default\">\n\t\t\t\t<div class=\"elementor-widget-container\">\n\t\t\t\t\t\t\t\t\t<div>Please note the following terms and conditions that you and govern the contractual relationship between us and you acknowledge your booking.<br><br>1. Notification<br>a. The accommodation contract is concluded as soon as rooms, premises, other supplies and services were ordered and promised or provided.<br>b. Conclusion of the accommodation contract obligates the contractor to fulfill the contract, regardless of what time the contract was concluded. he contract may be terminated only in the here and agreed in a confirmation of cancellation.<br>c. Reserved rooms are available to the guest from 15.00 clock. Use of the reserved room on the agreed time requires prior approval by the hotel.<br>d. Changes in the share of value-added tax rate go unnoticed the time of the agreement, at the expense of the customer.<br><br>2. Services<br>a. The Guest is not entitled to the provision of certain rooms. Should agreed rooms not be available, the hotel owner is obliged to ensure an equivalent substitute in the house or in other objects to try harder. The additional costs are charged to the hotel.<br>b. Refunds booked or paid, unused services is not possible.<br><br>3. Options<br>a. Become rooms or other services on an optional basis reserved the option data for both parties are binding. After the agreed option period, the hotel may freely without talking about the option booked rooms and services.<br>b. For a group of 30 people or more, the hotel reserves the right to change the agreed price, if less than 75% of the reserved rooms will be used.<\/div><div> <\/div><div>4. Resignation<br>a. All cancellations must be in writing.<br>b. Individual reservations outside exhibitions a cancellation is free of charge up to 2 days before arrival. After that the hotel will charge 80% of total costs.<br>c. During fairs a cancellation up to 7 days before arrival free of charge. To 2 days before arrival the hotel will charge 50% of total costs, then 80% will be charged.<br>d. For a group (10 people), special cancellation conditions, hosting the hotel on request apply.<br><br>5. Liability<br>a. The hotel is liable for loss or damage to items brought only in cases of gross negligence or willful misconduct of its employees. If the hotel is liable for any third parties, it shall also be liable only for gross negligence. A liability for valuables took over the hotel only if these were stored in a safe or left at the reception. Valuables only up to a value of 1.500,00 \u20ac approved and insured.<br>b. The hotel is not liable for damages or closure caused by interference with or disruption of its operations due to force majeure (etc. strikes, riots, war, natural disasters).<br><br>6. Others<br>a. If one or more provisions of the terms and conditions are invalid, this shall not affect the validity of the contract and the remaining provisions. Verbal agreements are only effective if they are confirmed in writing.<br>b. Moreover, the law of the Federal Republic of Germany. The jurisdiction is Oberhausen.<\/div>\t\t\t\t\t\t\t\t<\/div>\n\t\t\t\t<\/div>\n\t\t\t\t<div class=\"elementor-element elementor-element-fb71db3 elementor-widget elementor-widget-button\" data-id=\"fb71db3\" data-element_type=\"widget\" data-e-type=\"widget\" data-widget_type=\"button.default\">\n\t\t\t\t<div class=\"elementor-widget-container\">\n\t\t\t\t\t\t\t\t\t<div class=\"elementor-button-wrapper\">\n\t\t\t\t\t<a class=\"elementor-button elementor-button-link elementor-size-sm\" href=\"https:\/\/residenz-oberhausen.de\/wp-content\/uploads\/AGB.pdf\">\n\t\t\t\t\t\t<span class=\"elementor-button-content-wrapper\">\n\t\t\t\t\t\t\t\t\t<span class=\"elementor-button-text\">Download terms and conditions<\/span>\n\t\t\t\t\t<\/span>\n\t\t\t\t\t<\/a>\n\t\t\t\t<\/div>\n\t\t\t\t\t\t\t\t<\/div>\n\t\t\t\t<\/div>\n\t\t\t\t\t<\/div>\n\t\t\t\t<\/div>\n\t\t\t\t<\/div>\n\t\t","protected":false},"excerpt":{"rendered":"<p>Terms and conditions Please note the following terms and conditions that you and govern the contractual relationship between us and you acknowledge your booking. 1. Notificationa. The accommodation contract is concluded as soon as rooms, premises, other supplies and services were ordered and promised or provided.b. Conclusion of the accommodation contract obligates the contractor to [&hellip;]<\/p>\n","protected":false},"author":1,"featured_media":0,"parent":0,"menu_order":0,"comment_status":"closed","ping_status":"closed","template":"","meta":{"footnotes":""},"class_list":["post-490","page","type-page","status-publish","hentry"],"yoast_head":"<!-- This site is optimized with the Yoast SEO Premium plugin v27.1 (Yoast SEO v27.1.1) - https:\/\/yoast.com\/product\/yoast-seo-premium-wordpress\/ -->\n<title>Terms and conditions | Residenz Hotel Oberhausen<\/title>\n<meta name=\"description\" content=\"Here you will find the general terms and conditions of the Hotel Residenz Oberhausen. If you have any questions, please contact our team at 020882080.\" \/>\n<meta name=\"robots\" content=\"index, follow, max-snippet:-1, max-image-preview:large, max-video-preview:-1\" \/>\n<link rel=\"canonical\" href=\"https:\/\/residenz-oberhausen.de\/en\/terms-and-conditions\/\" \/>\n<meta property=\"og:locale\" content=\"en_US\" \/>\n<meta property=\"og:type\" content=\"article\" \/>\n<meta property=\"og:title\" content=\"Terms and conditions\" \/>\n<meta property=\"og:description\" content=\"Here you will find the general terms and conditions of the Hotel Residenz Oberhausen. If you have any questions, please contact our team at 020882080.\" \/>\n<meta property=\"og:url\" content=\"https:\/\/residenz-oberhausen.de\/en\/terms-and-conditions\/\" \/>\n<meta property=\"og:site_name\" content=\"Residenz Hotel Oberhausen\" \/>\n<meta property=\"article:modified_time\" content=\"2026-02-26T12:47:31+00:00\" \/>\n<meta property=\"og:image\" content=\"https:\/\/residenz-oberhausen.de\/wp-content\/uploads\/Residenz-Aussenansicht-2013.jpg\" \/>\n\t<meta property=\"og:image:width\" content=\"2560\" \/>\n\t<meta property=\"og:image:height\" content=\"2052\" \/>\n\t<meta property=\"og:image:type\" content=\"image\/jpeg\" \/>\n<meta name=\"twitter:card\" content=\"summary_large_image\" \/>\n<meta name=\"twitter:label1\" content=\"Est. reading time\" \/>\n\t<meta name=\"twitter:data1\" content=\"3 minutes\" \/>\n<script type=\"application\/ld+json\" class=\"yoast-schema-graph\">{\"@context\":\"https:\/\/schema.org\",\"@graph\":[{\"@type\":\"WebPage\",\"@id\":\"https:\/\/residenz-oberhausen.de\/en\/terms-and-conditions\/\",\"url\":\"https:\/\/residenz-oberhausen.de\/en\/terms-and-conditions\/\",\"name\":\"Terms and conditions | Residenz Hotel Oberhausen\",\"isPartOf\":{\"@id\":\"https:\/\/residenz-oberhausen.de\/en\/#website\"},\"datePublished\":\"2025-10-13T11:57:20+00:00\",\"dateModified\":\"2026-02-26T12:47:31+00:00\",\"description\":\"Here you will find the general terms and conditions of the Hotel Residenz Oberhausen. If you have any questions, please contact our team at 020882080.\",\"breadcrumb\":{\"@id\":\"https:\/\/residenz-oberhausen.de\/en\/terms-and-conditions\/#breadcrumb\"},\"inLanguage\":\"en-US\",\"potentialAction\":[{\"@type\":\"ReadAction\",\"target\":[\"https:\/\/residenz-oberhausen.de\/en\/terms-and-conditions\/\"]}]},{\"@type\":\"BreadcrumbList\",\"@id\":\"https:\/\/residenz-oberhausen.de\/en\/terms-and-conditions\/#breadcrumb\",\"itemListElement\":[{\"@type\":\"ListItem\",\"position\":1,\"name\":\"Startseite\",\"item\":\"https:\/\/residenz-oberhausen.de\/en\/\"},{\"@type\":\"ListItem\",\"position\":2,\"name\":\"Terms and conditions\"}]},{\"@type\":\"WebSite\",\"@id\":\"https:\/\/residenz-oberhausen.de\/en\/#website\",\"url\":\"https:\/\/residenz-oberhausen.de\/en\/\",\"name\":\"Residenz Hotel Oberhausen\",\"description\":\"3 Sterne Superior Hotel in Oberhausen\",\"publisher\":{\"@id\":\"https:\/\/residenz-oberhausen.de\/en\/#organization\"},\"potentialAction\":[{\"@type\":\"SearchAction\",\"target\":{\"@type\":\"EntryPoint\",\"urlTemplate\":\"https:\/\/residenz-oberhausen.de\/en\/?s={search_term_string}\"},\"query-input\":{\"@type\":\"PropertyValueSpecification\",\"valueRequired\":true,\"valueName\":\"search_term_string\"}}],\"inLanguage\":\"en-US\"},{\"@type\":\"Organization\",\"@id\":\"https:\/\/residenz-oberhausen.de\/en\/#organization\",\"name\":\"Hotel Residenz Oberhausen\",\"url\":\"https:\/\/residenz-oberhausen.de\/en\/\",\"logo\":{\"@type\":\"ImageObject\",\"inLanguage\":\"en-US\",\"@id\":\"https:\/\/residenz-oberhausen.de\/en\/#\/schema\/logo\/image\/\",\"url\":\"https:\/\/residenz-oberhausen.de\/wp-content\/uploads\/logo.png\",\"contentUrl\":\"https:\/\/residenz-oberhausen.de\/wp-content\/uploads\/logo.png\",\"width\":263,\"height\":100,\"caption\":\"Hotel Residenz Oberhausen\"},\"image\":{\"@id\":\"https:\/\/residenz-oberhausen.de\/en\/#\/schema\/logo\/image\/\"},\"description\":\"3 Sterne Superior Hotel in Oberhausen mit gro\u00dfen Zimmern ab 25 qm. Ideal auch f\u00fcr Langzeitaufenthalte, da Kitchenetten im Zimmer und Appartements verf\u00fcgbar. W\u00e4schekeller mit Self wash Service, Billard, Restaurant\",\"email\":\"info@residenz-oberhausen.de\",\"telephone\":\"004920882080\"}]}<\/script>\n<!-- \/ Yoast SEO Premium plugin. -->","yoast_head_json":{"title":"Terms and conditions | Residenz Hotel Oberhausen","description":"Here you will find the general terms and conditions of the Hotel Residenz Oberhausen. If you have any questions, please contact our team at 020882080.","robots":{"index":"index","follow":"follow","max-snippet":"max-snippet:-1","max-image-preview":"max-image-preview:large","max-video-preview":"max-video-preview:-1"},"canonical":"https:\/\/residenz-oberhausen.de\/en\/terms-and-conditions\/","og_locale":"en_US","og_type":"article","og_title":"Terms and conditions","og_description":"Here you will find the general terms and conditions of the Hotel Residenz Oberhausen. If you have any questions, please contact our team at 020882080.","og_url":"https:\/\/residenz-oberhausen.de\/en\/terms-and-conditions\/","og_site_name":"Residenz Hotel Oberhausen","article_modified_time":"2026-02-26T12:47:31+00:00","og_image":[{"width":2560,"height":2052,"url":"https:\/\/residenz-oberhausen.de\/wp-content\/uploads\/Residenz-Aussenansicht-2013.jpg","type":"image\/jpeg"}],"twitter_card":"summary_large_image","twitter_misc":{"Est. reading time":"3 minutes"},"schema":{"@context":"https:\/\/schema.org","@graph":[{"@type":"WebPage","@id":"https:\/\/residenz-oberhausen.de\/en\/terms-and-conditions\/","url":"https:\/\/residenz-oberhausen.de\/en\/terms-and-conditions\/","name":"Terms and conditions | Residenz Hotel Oberhausen","isPartOf":{"@id":"https:\/\/residenz-oberhausen.de\/en\/#website"},"datePublished":"2025-10-13T11:57:20+00:00","dateModified":"2026-02-26T12:47:31+00:00","description":"Here you will find the general terms and conditions of the Hotel Residenz Oberhausen. If you have any questions, please contact our team at 020882080.","breadcrumb":{"@id":"https:\/\/residenz-oberhausen.de\/en\/terms-and-conditions\/#breadcrumb"},"inLanguage":"en-US","potentialAction":[{"@type":"ReadAction","target":["https:\/\/residenz-oberhausen.de\/en\/terms-and-conditions\/"]}]},{"@type":"BreadcrumbList","@id":"https:\/\/residenz-oberhausen.de\/en\/terms-and-conditions\/#breadcrumb","itemListElement":[{"@type":"ListItem","position":1,"name":"Startseite","item":"https:\/\/residenz-oberhausen.de\/en\/"},{"@type":"ListItem","position":2,"name":"Terms and conditions"}]},{"@type":"WebSite","@id":"https:\/\/residenz-oberhausen.de\/en\/#website","url":"https:\/\/residenz-oberhausen.de\/en\/","name":"Residenz Hotel Oberhausen","description":"3 Sterne Superior Hotel in Oberhausen","publisher":{"@id":"https:\/\/residenz-oberhausen.de\/en\/#organization"},"potentialAction":[{"@type":"SearchAction","target":{"@type":"EntryPoint","urlTemplate":"https:\/\/residenz-oberhausen.de\/en\/?s={search_term_string}"},"query-input":{"@type":"PropertyValueSpecification","valueRequired":true,"valueName":"search_term_string"}}],"inLanguage":"en-US"},{"@type":"Organization","@id":"https:\/\/residenz-oberhausen.de\/en\/#organization","name":"Hotel Residenz Oberhausen","url":"https:\/\/residenz-oberhausen.de\/en\/","logo":{"@type":"ImageObject","inLanguage":"en-US","@id":"https:\/\/residenz-oberhausen.de\/en\/#\/schema\/logo\/image\/","url":"https:\/\/residenz-oberhausen.de\/wp-content\/uploads\/logo.png","contentUrl":"https:\/\/residenz-oberhausen.de\/wp-content\/uploads\/logo.png","width":263,"height":100,"caption":"Hotel Residenz Oberhausen"},"image":{"@id":"https:\/\/residenz-oberhausen.de\/en\/#\/schema\/logo\/image\/"},"description":"3 Sterne Superior Hotel in Oberhausen mit gro\u00dfen Zimmern ab 25 qm. Ideal auch f\u00fcr Langzeitaufenthalte, da Kitchenetten im Zimmer und Appartements verf\u00fcgbar. W\u00e4schekeller mit Self wash Service, Billard, Restaurant","email":"info@residenz-oberhausen.de","telephone":"004920882080"}]}},"_links":{"self":[{"href":"https:\/\/residenz-oberhausen.de\/en\/wp-json\/wp\/v2\/pages\/490","targetHints":{"allow":["GET"]}}],"collection":[{"href":"https:\/\/residenz-oberhausen.de\/en\/wp-json\/wp\/v2\/pages"}],"about":[{"href":"https:\/\/residenz-oberhausen.de\/en\/wp-json\/wp\/v2\/types\/page"}],"author":[{"embeddable":true,"href":"https:\/\/residenz-oberhausen.de\/en\/wp-json\/wp\/v2\/users\/1"}],"replies":[{"embeddable":true,"href":"https:\/\/residenz-oberhausen.de\/en\/wp-json\/wp\/v2\/comments?post=490"}],"version-history":[{"count":4,"href":"https:\/\/residenz-oberhausen.de\/en\/wp-json\/wp\/v2\/pages\/490\/revisions"}],"predecessor-version":[{"id":980,"href":"https:\/\/residenz-oberhausen.de\/en\/wp-json\/wp\/v2\/pages\/490\/revisions\/980"}],"wp:attachment":[{"href":"https:\/\/residenz-oberhausen.de\/en\/wp-json\/wp\/v2\/media?parent=490"}],"curies":[{"name":"wp","href":"https:\/\/api.w.org\/{rel}","templated":true}]}}